{"id":334,"date":"2025-04-03T09:22:15","date_gmt":"2025-04-03T08:22:15","guid":{"rendered":"https:\/\/teste.anerfisioterapia.es\/?page_id=334"},"modified":"2025-04-04T08:50:52","modified_gmt":"2025-04-04T07:50:52","slug":"blog-para-que-sirve-un-psicologo","status":"publish","type":"page","link":"https:\/\/teste.anerfisioterapia.es\/index.php\/blog-para-que-sirve-un-psicologo\/","title":{"rendered":"Blog \u00bfPara qu\u00e9 sirve un psic\u00f3logo?"},"content":{"rendered":"\n<p><\/p>\n\n\n\n<div class=\"wp-block-group alignfull has-base-3-background-color has-background has-global-padding is-layout-constrained wp-block-group-is-layout-constrained\" style=\"margin-top:0;padding-top:var(--wp--preset--spacing--80);padding-bottom:var(--wp--preset--spacing--80)\">\n<div class=\"wp-block-media-text alignwide is-stacked-on-mobile\"><figure class=\"wp-block-media-text__media\"><img loading=\"lazy\" decoding=\"async\" width=\"1024\" height=\"683\" src=\"https:\/\/teste.anerfisioterapia.es\/wp-content\/uploads\/2025\/03\/Raw-Photo29-1024x683.jpg\" alt=\"\" class=\"wp-image-192 size-full\" srcset=\"https:\/\/teste.anerfisioterapia.es\/wp-content\/uploads\/2025\/03\/Raw-Photo29-1024x683.jpg 1024w, https:\/\/teste.anerfisioterapia.es\/wp-content\/uploads\/2025\/03\/Raw-Photo29-300x200.jpg 300w, https:\/\/teste.anerfisioterapia.es\/wp-content\/uploads\/2025\/03\/Raw-Photo29-768x512.jpg 768w, https:\/\/teste.anerfisioterapia.es\/wp-content\/uploads\/2025\/03\/Raw-Photo29-1536x1024.jpg 1536w, https:\/\/teste.anerfisioterapia.es\/wp-content\/uploads\/2025\/03\/Raw-Photo29-2048x1365.jpg 2048w\" sizes=\"auto, (max-width: 1024px) 100vw, 1024px\" \/><\/figure><div class=\"wp-block-media-text__content\">\n<h2 class=\"wp-block-heading\">\u00bfPara qu\u00e9 sirve un psic\u00f3logo?<\/h2>\n\n\n\n<p class=\"has-text-align-right has-small-font-size\">Por Beatriz Alonso<\/p>\n\n\n\n<p>Si no sabes en qu\u00e9 puede ayudarte un psic\u00f3logo, es dif\u00edcil que recurras a este tipo de ayuda cuando la necesites. En alg\u00fan momento, podr\u00edas necesitar ayuda y podr\u00edas ahorrarte mucho sufrimiento innecesario si conoces lo que un psic\u00f3logo puede hacer por ti.<\/p>\n\n\n\n<p>Todos vamos al dentista o a un fisioterapeuta con naturalidad y no nos quedamos aguantando y esperando a que la muela o la contractura mejoren con el tiempo.<br>Tenemos un problema y buscamos una soluci\u00f3n. Sin embargo, con el psic\u00f3logo esto s\u00ed que ocurre. Aguantamos, le quitamos importancia, pensamos que es una mala racha y que con el tiempo se solucionar\u00e1\u2026 Y mientras tanto, los problemas se enquistan, se agravan y sufrimos mucho nosotros y las personas de nuestro alrededor.<\/p>\n\n\n\n<p>Tal vez esto ocurre porque a\u00fan est\u00e1 muy presente la idea de que ir al psic\u00f3logo es para los \u201clocos\u201d o para los d\u00e9biles que no saben solucionar sus problemas. La psicolog\u00eda est\u00e1 muy ligada a la patolog\u00eda y s\u00f3lo hay que ir si tienes alg\u00fan trastorno.<\/p>\n\n\n\n<p>Curioso, por un lado, porque puedes estar sufrimiento ansiedad o depresi\u00f3n (trastornos muy frecuentes) y no saberlo. Como mucho ir al m\u00e9dico de cabecera para que te recete algo, como si eso fuese a solucionarlo. Es como pensar que te vas a curar una pierna rota tomando analg\u00e9sicos para que no te duela.<\/p>\n\n\n\n<p>Y curioso, por otro lado, porque no hace falta que haya un trastorno para que exista sufrimiento psicol\u00f3gico. Todos pasamos en la vida por situaciones dif\u00edciles en nuestro entorno: problemas con el trabajo, carrera, la familia, la pareja, los amigos, la salud, la econom\u00eda\u2026 Y tambi\u00e9n todos pasamos por situaciones dif\u00edciles con nosotros mismos: falta de motivaci\u00f3n, desgana, p\u00e9rdida de ilusiones, problemas para controlar la ira, no saber resolver los conflictos, no entender ni regular nuestras emociones, no saber decir que no\u2026<\/p>\n<\/div><\/div>\n<\/div>\n\n\n\n<div class=\"wp-block-group alignfull has-global-padding is-layout-constrained wp-block-group-is-layout-constrained\" style=\"margin-top:0\">\n<div class=\"wp-block-media-text alignfull has-media-on-the-right is-stacked-on-mobile is-image-fill-element has-contrast-color has-base-3-background-color has-text-color has-background has-link-color wp-elements-fc94cea57c356302d2ae62d5e9d17c14\" style=\"padding-right:0;padding-left:0;grid-template-columns:auto 40%\"><div class=\"wp-block-media-text__content\">\n<div class=\"wp-block-group has-global-padding is-content-justification-right is-layout-constrained wp-container-core-group-is-layout-bdfa523f wp-block-group-is-layout-constrained\" style=\"padding-top:8vw;padding-right:6vw;padding-bottom:8vw;padding-left:6vw\">\n<h2 class=\"wp-block-heading\">\u00bfQu\u00e9 se hace en una sesi\u00f3n de psicolog\u00eda?<\/h2>\n\n\n\n<p>Lo primero es que en una sesi\u00f3n de psicolog\u00eda tienes un espacio seguro para hablar y desahogarte, sin que en ning\u00fan momento te juzguen. Pero es mucho m\u00e1s que eso. Mi trabajo es ayudarte a aclarar, analizar y superar las dificultades que est\u00e1s teniendo en tu vida:<\/p>\n\n\n\n<ul class=\"wp-block-list\">\n<li>Aclarar porque cuentas con la escucha y comprensi\u00f3n de una persona profesional para ayudarte a ordenar y a entender lo que sientes.<\/li>\n\n\n\n<li>Analizar porque buscamos los antecedentes y las consecuencias de lo que te est\u00e1 ocurriendo y c\u00f3mo influye en tu malestar lo que piensas, sientes y haces.<\/li>\n\n\n\n<li>Superar tus dificultades al desarrollar tu tolerancia al malestar para ser capaz de enfrentarte a tus experiencias dolorosas del pasado y a las posibilidades amenazadoras del futuro; a aprender a regular tus emociones sin reprimirlas y sin que te desborden y, por \u00faltimo, utilizar herramientas que te permitan expresar tus necesidades ante los dem\u00e1s mientras cuidas de tus relaciones y de ti mismo.<\/li>\n<\/ul>\n\n\n\n<p>La finalidad de mis sesiones es ayudarte a realizar peque\u00f1os cambios en aquellos aspectos de tu vida que te generan malestar. Peque\u00f1os cambios m\u00e1s f\u00e1ciles de hacer y m\u00e1s duraderos en el tiempo que las grandes transformaciones. Peque\u00f1os cambios que llevan a buenos resultados.<\/p>\n\n\n\n<blockquote class=\"wp-block-quote is-layout-flow wp-block-quote-is-layout-flow\">\n<p class=\"has-base-background-color has-background\">Para terminar, quiero plantearte esta pregunta de reflexi\u00f3n:<br>\u00bfQu\u00e9 cosas haces cuando te sientes desbordado\/a que son perjudiciales para ti?<br>Por Beatriz Alonso<\/p>\n\n\n\n<ul class=\"wp-block-social-links is-layout-flex wp-block-social-links-is-layout-flex\"><li class=\"wp-social-link wp-social-link-instagram  wp-block-social-link\"><a href=\"https:\/\/@psicologabeaalonso\" class=\"wp-block-social-link-anchor\"><svg width=\"24\" height=\"24\" viewBox=\"0 0 24 24\" version=\"1.1\" xmlns=\"http:\/\/www.w3.org\/2000\/svg\" aria-hidden=\"true\" focusable=\"false\"><path d=\"M12,4.622c2.403,0,2.688,0.009,3.637,0.052c0.877,0.04,1.354,0.187,1.671,0.31c0.42,0.163,0.72,0.358,1.035,0.673 c0.315,0.315,0.51,0.615,0.673,1.035c0.123,0.317,0.27,0.794,0.31,1.671c0.043,0.949,0.052,1.234,0.052,3.637 s-0.009,2.688-0.052,3.637c-0.04,0.877-0.187,1.354-0.31,1.671c-0.163,0.42-0.358,0.72-0.673,1.035 c-0.315,0.315-0.615,0.51-1.035,0.673c-0.317,0.123-0.794,0.27-1.671,0.31c-0.949,0.043-1.233,0.052-3.637,0.052 s-2.688-0.009-3.637-0.052c-0.877-0.04-1.354-0.187-1.671-0.31c-0.42-0.163-0.72-0.358-1.035-0.673 c-0.315-0.315-0.51-0.615-0.673-1.035c-0.123-0.317-0.27-0.794-0.31-1.671C4.631,14.688,4.622,14.403,4.622,12 s0.009-2.688,0.052-3.637c0.04-0.877,0.187-1.354,0.31-1.671c0.163-0.42,0.358-0.72,0.673-1.035 c0.315-0.315,0.615-0.51,1.035-0.673c0.317-0.123,0.794-0.27,1.671-0.31C9.312,4.631,9.597,4.622,12,4.622 M12,3 C9.556,3,9.249,3.01,8.289,3.054C7.331,3.098,6.677,3.25,6.105,3.472C5.513,3.702,5.011,4.01,4.511,4.511 c-0.5,0.5-0.808,1.002-1.038,1.594C3.25,6.677,3.098,7.331,3.054,8.289C3.01,9.249,3,9.556,3,12c0,2.444,0.01,2.751,0.054,3.711 c0.044,0.958,0.196,1.612,0.418,2.185c0.23,0.592,0.538,1.094,1.038,1.594c0.5,0.5,1.002,0.808,1.594,1.038 c0.572,0.222,1.227,0.375,2.185,0.418C9.249,20.99,9.556,21,12,21s2.751-0.01,3.711-0.054c0.958-0.044,1.612-0.196,2.185-0.418 c0.592-0.23,1.094-0.538,1.594-1.038c0.5-0.5,0.808-1.002,1.038-1.594c0.222-0.572,0.375-1.227,0.418-2.185 C20.99,14.751,21,14.444,21,12s-0.01-2.751-0.054-3.711c-0.044-0.958-0.196-1.612-0.418-2.185c-0.23-0.592-0.538-1.094-1.038-1.594 c-0.5-0.5-1.002-0.808-1.594-1.038c-0.572-0.222-1.227-0.375-2.185-0.418C14.751,3.01,14.444,3,12,3L12,3z M12,7.378 c-2.552,0-4.622,2.069-4.622,4.622S9.448,16.622,12,16.622s4.622-2.069,4.622-4.622S14.552,7.378,12,7.378z M12,15 c-1.657,0-3-1.343-3-3s1.343-3,3-3s3,1.343,3,3S13.657,15,12,15z M16.804,6.116c-0.596,0-1.08,0.484-1.08,1.08 s0.484,1.08,1.08,1.08c0.596,0,1.08-0.484,1.08-1.08S17.401,6.116,16.804,6.116z\"><\/path><\/svg><span class=\"wp-block-social-link-label screen-reader-text\">Instagram<\/span><\/a><\/li>\n\n<li class=\"wp-social-link wp-social-link-chain  wp-block-social-link\"><a href=\"https:\/\/beaalonsocoaching.com\/\" class=\"wp-block-social-link-anchor\"><svg width=\"24\" height=\"24\" viewBox=\"0 0 24 24\" version=\"1.1\" xmlns=\"http:\/\/www.w3.org\/2000\/svg\" aria-hidden=\"true\" focusable=\"false\"><path d=\"M15.6,7.2H14v1.5h1.6c2,0,3.7,1.7,3.7,3.7s-1.7,3.7-3.7,3.7H14v1.5h1.6c2.8,0,5.2-2.3,5.2-5.2,0-2.9-2.3-5.2-5.2-5.2zM4.7,12.4c0-2,1.7-3.7,3.7-3.7H10V7.2H8.4c-2.9,0-5.2,2.3-5.2,5.2,0,2.9,2.3,5.2,5.2,5.2H10v-1.5H8.4c-2,0-3.7-1.7-3.7-3.7zm4.6.9h5.3v-1.5H9.3v1.5z\"><\/path><\/svg><span class=\"wp-block-social-link-label screen-reader-text\">Enlace<\/span><\/a><\/li>\n\n<li class=\"wp-social-link wp-social-link-whatsapp  wp-block-social-link\"><a href=\"https:\/\/wa.me\/message\/4KE245RSSU7TP1\" class=\"wp-block-social-link-anchor\"><svg width=\"24\" height=\"24\" viewBox=\"0 0 24 24\" version=\"1.1\" xmlns=\"http:\/\/www.w3.org\/2000\/svg\" aria-hidden=\"true\" focusable=\"false\"><path d=\"M 12.011719 2 C 6.5057187 2 2.0234844 6.478375 2.0214844 11.984375 C 2.0204844 13.744375 2.4814687 15.462563 3.3554688 16.976562 L 2 22 L 7.2324219 20.763672 C 8.6914219 21.559672 10.333859 21.977516 12.005859 21.978516 L 12.009766 21.978516 C 17.514766 21.978516 21.995047 17.499141 21.998047 11.994141 C 22.000047 9.3251406 20.962172 6.8157344 19.076172 4.9277344 C 17.190172 3.0407344 14.683719 2.001 12.011719 2 z M 12.009766 4 C 14.145766 4.001 16.153109 4.8337969 17.662109 6.3417969 C 19.171109 7.8517969 20.000047 9.8581875 19.998047 11.992188 C 19.996047 16.396187 16.413812 19.978516 12.007812 19.978516 C 10.674812 19.977516 9.3544062 19.642812 8.1914062 19.007812 L 7.5175781 18.640625 L 6.7734375 18.816406 L 4.8046875 19.28125 L 5.2851562 17.496094 L 5.5019531 16.695312 L 5.0878906 15.976562 C 4.3898906 14.768562 4.0204844 13.387375 4.0214844 11.984375 C 4.0234844 7.582375 7.6067656 4 12.009766 4 z M 8.4765625 7.375 C 8.3095625 7.375 8.0395469 7.4375 7.8105469 7.6875 C 7.5815469 7.9365 6.9355469 8.5395781 6.9355469 9.7675781 C 6.9355469 10.995578 7.8300781 12.182609 7.9550781 12.349609 C 8.0790781 12.515609 9.68175 15.115234 12.21875 16.115234 C 14.32675 16.946234 14.754891 16.782234 15.212891 16.740234 C 15.670891 16.699234 16.690438 16.137687 16.898438 15.554688 C 17.106437 14.971687 17.106922 14.470187 17.044922 14.367188 C 16.982922 14.263188 16.816406 14.201172 16.566406 14.076172 C 16.317406 13.951172 15.090328 13.348625 14.861328 13.265625 C 14.632328 13.182625 14.464828 13.140625 14.298828 13.390625 C 14.132828 13.640625 13.655766 14.201187 13.509766 14.367188 C 13.363766 14.534188 13.21875 14.556641 12.96875 14.431641 C 12.71875 14.305641 11.914938 14.041406 10.960938 13.191406 C 10.218937 12.530406 9.7182656 11.714844 9.5722656 11.464844 C 9.4272656 11.215844 9.5585938 11.079078 9.6835938 10.955078 C 9.7955938 10.843078 9.9316406 10.663578 10.056641 10.517578 C 10.180641 10.371578 10.223641 10.267562 10.306641 10.101562 C 10.389641 9.9355625 10.347156 9.7890625 10.285156 9.6640625 C 10.223156 9.5390625 9.737625 8.3065 9.515625 7.8125 C 9.328625 7.3975 9.131125 7.3878594 8.953125 7.3808594 C 8.808125 7.3748594 8.6425625 7.375 8.4765625 7.375 z\"><\/path><\/svg><span class=\"wp-block-social-link-label screen-reader-text\">WhatsApp<\/span><\/a><\/li><\/ul>\n<\/blockquote>\n<\/div>\n<\/div><figure class=\"wp-block-media-text__media\"><img loading=\"lazy\" decoding=\"async\" width=\"683\" height=\"1024\" src=\"https:\/\/teste.anerfisioterapia.es\/wp-content\/uploads\/2025\/03\/Raw-Photo30-683x1024.jpg\" alt=\"\" class=\"wp-image-193 size-full\" style=\"object-position:50% 50%\" srcset=\"https:\/\/teste.anerfisioterapia.es\/wp-content\/uploads\/2025\/03\/Raw-Photo30-683x1024.jpg 683w, https:\/\/teste.anerfisioterapia.es\/wp-content\/uploads\/2025\/03\/Raw-Photo30-200x300.jpg 200w, https:\/\/teste.anerfisioterapia.es\/wp-content\/uploads\/2025\/03\/Raw-Photo30-768x1152.jpg 768w, https:\/\/teste.anerfisioterapia.es\/wp-content\/uploads\/2025\/03\/Raw-Photo30-1024x1536.jpg 1024w, https:\/\/teste.anerfisioterapia.es\/wp-content\/uploads\/2025\/03\/Raw-Photo30-1365x2048.jpg 1365w, https:\/\/teste.anerfisioterapia.es\/wp-content\/uploads\/2025\/03\/Raw-Photo30-scaled.jpg 1707w\" sizes=\"auto, (max-width: 683px) 100vw, 683px\" \/><\/figure><\/div>\n<\/div>\n\n\n\n<div class=\"wp-block-group alignfull has-base-background-color has-background has-global-padding is-layout-constrained wp-block-group-is-layout-constrained\" style=\"margin-top:0;padding-top:var(--wp--preset--spacing--70);padding-bottom:var(--wp--preset--spacing--70)\"><ul class=\"wp-block-latest-posts__list is-grid columns-3 has-dates alignfull wp-block-latest-posts\"><li><div class=\"wp-block-latest-posts__featured-image\"><img loading=\"lazy\" decoding=\"async\" width=\"150\" height=\"150\" src=\"https:\/\/teste.anerfisioterapia.es\/wp-content\/uploads\/2025\/03\/Raw-Photo29-150x150.jpg\" class=\"attachment-thumbnail size-thumbnail wp-post-image\" alt=\"\" style=\"max-width:113px;max-height:113px;\" \/><\/div><a class=\"wp-block-latest-posts__post-title\" href=\"https:\/\/teste.anerfisioterapia.es\/index.php\/2025\/04\/03\/para-que-sirve-un-psicologo\/\">\u00bfPara qu\u00e9 sirve un psic\u00f3logo?<\/a><time datetime=\"2025-04-03T10:11:13+01:00\" class=\"wp-block-latest-posts__post-date\">3 de abril de 2025<\/time><div class=\"wp-block-latest-posts__post-excerpt\">Si no sabes en qu\u00e9 puede ayudarte un psic\u00f3logo, es dif\u00edcil que recurras a este tipo de ayuda cuando la necesites. En alg\u00fan momento, podr\u00edas necesitar ayuda y podr\u00edas ahorrarte mucho sufrimiento innecesario si conoces lo que un psic\u00f3logo puede hacer por ti.<\/div><\/li>\n<li><div class=\"wp-block-latest-posts__featured-image\"><img loading=\"lazy\" decoding=\"async\" width=\"150\" height=\"150\" src=\"https:\/\/teste.anerfisioterapia.es\/wp-content\/uploads\/2025\/04\/6-Crioterapia-vs.-Termoterapia-150x150.png\" class=\"attachment-thumbnail size-thumbnail wp-post-image\" alt=\"\" style=\"max-width:113px;max-height:113px;\" \/><\/div><a class=\"wp-block-latest-posts__post-title\" href=\"https:\/\/teste.anerfisioterapia.es\/index.php\/2025\/04\/03\/consejos-post-entrenamiento-para-mejorar-tu-recuperacion-por-eneko-petri\/\">Consejos post-entrenamiento por Eneko Petri<\/a><time datetime=\"2025-04-03T10:03:08+01:00\" class=\"wp-block-latest-posts__post-date\">3 de abril de 2025<\/time><div class=\"wp-block-latest-posts__post-excerpt\">Descubre los mejores consejos post entrenamiento de nuestro fisioterapeuta Eneko Petri y mejora tu recuperaci\u00f3n como nunca antes. Aqu\u00ed os dejamos algunos consejos y recomendaciones post-entrenamiento para favorecer la recuperaci\u00f3n muscular<\/div><\/li>\n<li><div class=\"wp-block-latest-posts__featured-image\"><img loading=\"lazy\" decoding=\"async\" width=\"150\" height=\"150\" src=\"https:\/\/teste.anerfisioterapia.es\/wp-content\/uploads\/2025\/03\/Blog-1-150x150.png\" class=\"attachment-thumbnail size-thumbnail wp-post-image\" alt=\"\" style=\"max-width:113px;max-height:113px;\" srcset=\"https:\/\/teste.anerfisioterapia.es\/wp-content\/uploads\/2025\/03\/Blog-1-150x150.png 150w, https:\/\/teste.anerfisioterapia.es\/wp-content\/uploads\/2025\/03\/Blog-1-300x300.png 300w, https:\/\/teste.anerfisioterapia.es\/wp-content\/uploads\/2025\/03\/Blog-1-1024x1024.png 1024w, https:\/\/teste.anerfisioterapia.es\/wp-content\/uploads\/2025\/03\/Blog-1-768x768.png 768w, https:\/\/teste.anerfisioterapia.es\/wp-content\/uploads\/2025\/03\/Blog-1.png 1080w\" sizes=\"auto, (max-width: 150px) 100vw, 150px\" \/><\/div><a class=\"wp-block-latest-posts__post-title\" href=\"https:\/\/teste.anerfisioterapia.es\/index.php\/2025\/03\/11\/hello-world\/\">Mensaje de Bienvenida<\/a><time datetime=\"2025-03-11T10:19:59+01:00\" class=\"wp-block-latest-posts__post-date\">11 de marzo de 2025<\/time><div class=\"wp-block-latest-posts__post-excerpt\">Bienvenidos y bienvenidas al Blog de Aner Fisioterapia<\/div><\/li>\n<\/ul><\/div>\n","protected":false},"excerpt":{"rendered":"<p>\u00bfPara qu\u00e9 sirve un psic\u00f3logo? Por Beatriz Alonso Si no sabes en qu\u00e9 puede ayudarte un psic\u00f3logo, es dif\u00edcil que recurras a este tipo de ayuda cuando la necesites. En alg\u00fan momento, podr\u00edas necesitar ayuda y podr\u00edas ahorrarte mucho sufrimiento innecesario si conoces lo que un psic\u00f3logo puede hacer por ti. Todos vamos al dentista [&hellip;]<\/p>\n","protected":false},"author":1,"featured_media":192,"parent":0,"menu_order":0,"comment_status":"closed","ping_status":"closed","template":"","meta":{"footnotes":""},"class_list":["post-334","page","type-page","status-publish","has-post-thumbnail","hentry"],"_links":{"self":[{"href":"https:\/\/teste.anerfisioterapia.es\/index.php\/wp-json\/wp\/v2\/pages\/334","targetHints":{"allow":["GET"]}}],"collection":[{"href":"https:\/\/teste.anerfisioterapia.es\/index.php\/wp-json\/wp\/v2\/pages"}],"about":[{"href":"https:\/\/teste.anerfisioterapia.es\/index.php\/wp-json\/wp\/v2\/types\/page"}],"author":[{"embeddable":true,"href":"https:\/\/teste.anerfisioterapia.es\/index.php\/wp-json\/wp\/v2\/users\/1"}],"replies":[{"embeddable":true,"href":"https:\/\/teste.anerfisioterapia.es\/index.php\/wp-json\/wp\/v2\/comments?post=334"}],"version-history":[{"count":4,"href":"https:\/\/teste.anerfisioterapia.es\/index.php\/wp-json\/wp\/v2\/pages\/334\/revisions"}],"predecessor-version":[{"id":364,"href":"https:\/\/teste.anerfisioterapia.es\/index.php\/wp-json\/wp\/v2\/pages\/334\/revisions\/364"}],"wp:featuredmedia":[{"embeddable":true,"href":"https:\/\/teste.anerfisioterapia.es\/index.php\/wp-json\/wp\/v2\/media\/192"}],"wp:attachment":[{"href":"https:\/\/teste.anerfisioterapia.es\/index.php\/wp-json\/wp\/v2\/media?parent=334"}],"curies":[{"name":"wp","href":"https:\/\/api.w.org\/{rel}","templated":true}]}}