{"id":329,"date":"2025-04-03T08:56:31","date_gmt":"2025-04-03T07:56:31","guid":{"rendered":"https:\/\/teste.anerfisioterapia.es\/?page_id=329"},"modified":"2025-04-03T10:27:46","modified_gmt":"2025-04-03T09:27:46","slug":"blog-consejos-post-entrenamiento-para-mejorar-tu-recuperacion","status":"publish","type":"page","link":"https:\/\/teste.anerfisioterapia.es\/index.php\/blog-consejos-post-entrenamiento-para-mejorar-tu-recuperacion\/","title":{"rendered":"Blog Consejos post-entrenamiento para mejorar tu recuperaci\u00f3n"},"content":{"rendered":"\n<h2 class=\"wp-block-heading alignwide has-text-align-center\">Consejos post-entrenamiento para mejorar tu recuperaci\u00f3n<\/h2>\n\n\n\n<p class=\"has-text-align-right has-small-font-size\"><strong>Por Eneko Petri<\/strong><\/p>\n\n\n\n<div class=\"wp-block-group alignfull has-global-padding is-layout-constrained wp-container-core-group-is-layout-1c740f8b wp-block-group-is-layout-constrained\" style=\"padding-top:var(--wp--preset--spacing--70);padding-bottom:var(--wp--preset--spacing--70)\">\n<p class=\"has-text-align-center has-medium-font-size\" style=\"padding-top:0;padding-right:0;padding-bottom:0;padding-left:0\">Descubre los mejores consejos post entrenamiento de nuestro fisioterapeuta <strong>Eneko Petri<\/strong> y mejora tu recuperaci\u00f3n como nunca antes. La recuperaci\u00f3n muscular es un proceso crucial despu\u00e9s del entrenamiento para evitar lesiones, reducir la fatiga y mejorar el rendimiento en futuras sesiones. Aqu\u00ed os dejamos algunos consejos y recomendaciones post-entrenamiento para favorecer la recuperaci\u00f3n muscular:<\/p>\n\n\n\n<div class=\"wp-block-columns alignwide is-layout-flex wp-container-core-columns-is-layout-643ced6b wp-block-columns-is-layout-flex\">\n<div class=\"wp-block-column is-layout-flow wp-block-column-is-layout-flow\">\n<p class=\"has-base-3-color has-text-color has-link-color has-large-font-size wp-elements-bf28979436e44281430a11a02d99dc57\"><mark style=\"background-color:rgba(0, 0, 0, 0)\" class=\"has-inline-color has-accent-1-color\">\u25e2\u25e4<\/mark>\u25e2\u25e4\u25e2\u25e4\u25e2\u25e4\u25e2\u25e4\u25e2\u25e4<\/p>\n\n\n\n<h3 class=\"wp-block-heading\">1. Enfriamiento y estiramiento<\/h3>\n\n\n\n<ul class=\"wp-block-list\">\n<li class=\"has-small-font-size\">Enfriamiento gradual: despu\u00e9s de un entrenamiento intenso, es importante reducir la intensidad de forma progresiva, bajando la velocidad o la carga de ejercicio. Esto ayuda a reducir la acumulaci\u00f3n de \u00e1cido l\u00e1ctico en los m\u00fasculos y favorece la circulaci\u00f3n sangu\u00ednea.<\/li>\n<\/ul>\n\n\n\n<ul class=\"wp-block-list\">\n<li class=\"has-small-font-size\">Estiramiento: realizar estiramientos est\u00e1ticos de los principales grupos musculares trabajados puede mejorar la flexibilidad, prevenir rigidez y ayudar a la circulaci\u00f3n sangu\u00ednea. Mant\u00e9n cada estiramiento entre 20-30 segundos para obtener beneficios.<\/li>\n<\/ul>\n<\/div>\n\n\n\n<div class=\"wp-block-column is-layout-flow wp-block-column-is-layout-flow\">\n<p class=\"has-base-3-color has-text-color has-link-color has-large-font-size wp-elements-cd032ae6d04080653ec18e7eacf5111e\">\u25e2\u25e4<mark style=\"background-color:rgba(0, 0, 0, 0)\" class=\"has-inline-color has-accent-1-color\">\u25e2\u25e4<\/mark>\u25e2\u25e4\u25e2\u25e4\u25e2\u25e4\u25e2\u25e4<\/p>\n\n\n\n<h3 class=\"wp-block-heading\">2. Hidrataci\u00f3n adecuada<\/h3>\n\n\n\n<p class=\"has-contrast-color has-text-color has-link-color has-small-font-size wp-elements-814e8d0910510f3d83c2a6b2eec6a303\">Durante el ejercicio, pierdes l\u00edquidos a trav\u00e9s del sudor, y la deshidrataci\u00f3n puede ralentizar la recuperaci\u00f3n. Aseg\u00farate de reponer l\u00edquidos despu\u00e9s del entrenamiento. El agua es esencial, pero si has entrenado de forma muy intensa, considera bebidas isot\u00f3nicas para recuperar los electrolitos.<\/p>\n<\/div>\n\n\n\n<div class=\"wp-block-column is-layout-flow wp-block-column-is-layout-flow\">\n<p class=\"has-base-3-color has-text-color has-link-color has-large-font-size wp-elements-70b1ad71a82a967c0f9f7ee127e15743\">\u25e2\u25e4\u25e2\u25e4<mark style=\"background-color:rgba(0, 0, 0, 0)\" class=\"has-inline-color has-accent-1-color\">\u25e2\u25e4<\/mark>\u25e2\u25e4\u25e2\u25e4\u25e2\u25e4<\/p>\n\n\n\n<h3 class=\"wp-block-heading\">3. Nutrici\u00f3n post-entrenamiento<\/h3>\n\n\n\n<ul class=\"wp-block-list\">\n<li class=\"has-small-font-size\">Prote\u00ednas: consumir una fuente de prote\u00ednas despu\u00e9s del entrenamiento (idealmente dentro de los 30-60 minutos posteriores) es clave para la reparaci\u00f3n y el crecimiento muscular. Las prote\u00ednas en polvo, el pollo, los huevos o los productos l\u00e1cteos son buenas opciones.<\/li>\n<\/ul>\n\n\n\n<ul class=\"wp-block-list\">\n<li class=\"has-small-font-size\">Carbohidratos: los carbohidratos tambi\u00e9n son importantes para reponer los dep\u00f3sitos de gluc\u00f3geno muscular. Combina prote\u00ednas y carbohidratos en tu comida post-entrenamiento para optimizar la recuperaci\u00f3n.<\/li>\n<\/ul>\n\n\n\n<ul class=\"wp-block-list\">\n<li class=\"has-small-font-size\">Grasas saludables: aunque las grasas no son tan cr\u00edticas inmediatamente despu\u00e9s del entrenamiento, consumir grasas saludables en las siguientes horas puede ser beneficioso para la salud general y la recuperaci\u00f3n a largo plazo.<\/li>\n<\/ul>\n\n\n\n<ul class=\"wp-block-list\">\n<li class=\"has-small-font-size\">Masajes deportivos: Un masaje suave puede ayudar a reducir la tensi\u00f3n muscular y mejorar la circulaci\u00f3n. T\u00e9cnicas como el \u00abfoam rolling\u00bb (uso de un rodillo de espuma) tambi\u00e9n son muy efectivas para liberar puntos de tensi\u00f3n y mejorar la movilidad.<\/li>\n<\/ul>\n<\/div>\n<\/div>\n\n\n\n<div class=\"wp-block-columns alignwide is-layout-flex wp-container-core-columns-is-layout-643ced6b wp-block-columns-is-layout-flex\">\n<div class=\"wp-block-column is-layout-flow wp-block-column-is-layout-flow\">\n<p class=\"has-base-3-color has-text-color has-link-color has-large-font-size wp-elements-f386b5f163ac82f4faec0e416bd16cfa\">\u25e2\u25e4\u25e2\u25e4\u25e2\u25e4<mark style=\"background-color:rgba(0, 0, 0, 0)\" class=\"has-inline-color has-accent-1-color\">\u25e2\u25e4<\/mark>\u25e2\u25e4\u25e2\u25e4<\/p>\n\n\n\n<h3 class=\"wp-block-heading\">4. Masajes y terapias manuales<\/h3>\n\n\n\n<p class=\"has-contrast-color has-text-color has-link-color has-small-font-size wp-elements-38c544906e171c20e65f5f4c428de86a\">Crioterapia o termoterapia: la aplicaci\u00f3n de fr\u00edo o calor en los m\u00fasculos puede aliviar el dolor y reducir la inflamaci\u00f3n. El fr\u00edo es ideal para reducir la inflamaci\u00f3n inmediatamente despu\u00e9s de una actividad intensa, mientras que el calor puede ser \u00fatil m\u00e1s tarde para relajar y aumentar el flujo sangu\u00edneo.<\/p>\n<\/div>\n\n\n\n<div class=\"wp-block-column is-layout-flow wp-block-column-is-layout-flow\">\n<p class=\"has-base-3-color has-text-color has-link-color has-large-font-size wp-elements-78c42e3bfa72c2831af44637216940fc\">\u25e2\u25e4\u25e2\u25e4\u25e2\u25e4\u25e2\u25e4<mark style=\"background-color:rgba(0, 0, 0, 0)\" class=\"has-inline-color has-accent-1-color\">\u25e2\u25e4<\/mark>\u25e2\u25e4<\/p>\n\n\n\n<h3 class=\"wp-block-heading\">5. Descanso adecuado<\/h3>\n\n\n\n<ul class=\"wp-block-list has-small-font-size\">\n<li>Sue\u00f1o de calidad: el descanso es esencial para la recuperaci\u00f3n muscular. Durante el sue\u00f1o profundo, se produce la mayor parte de la reparaci\u00f3n y crecimiento muscular. Trata de dormir entre 7 y 9 horas cada noche para permitir que tu cuerpo se recupere correctamente.<\/li>\n<\/ul>\n\n\n\n<ul class=\"wp-block-list has-small-font-size\">\n<li>D\u00edas de descanso o entrenamiento activo: no sobrecargues a tus m\u00fasculos. El entrenamiento constante sin descanso adecuado puede llevar a la fatiga cr\u00f3nica y a lesiones. Alterna d\u00edas de entrenamiento intenso con d\u00edas de descanso o entrenamiento m\u00e1s ligero, como caminatas suaves o sesiones de yoga.<\/li>\n<\/ul>\n<\/div>\n\n\n\n<div class=\"wp-block-column is-layout-flow wp-block-column-is-layout-flow\">\n<p class=\"has-base-3-color has-text-color has-link-color has-large-font-size wp-elements-9c48b36931dfb747713a1665d453959b\">\u25e2\u25e4\u25e2\u25e4\u25e2\u25e4\u25e2\u25e4\u25e2\u25e4<mark style=\"background-color:rgba(0, 0, 0, 0)\" class=\"has-inline-color has-accent-1-color\">\u25e2\u25e4<\/mark><\/p>\n\n\n\n<h3 class=\"wp-block-heading\">6. Suplementos (si es necesario)<\/h3>\n\n\n\n<p class=\"has-contrast-color has-text-color has-link-color has-small-font-size wp-elements-c02be884866335ba7f7115b4102cf0d7\">Aunque lo ideal es obtener los nutrientes de los alimentos, algunos suplementos pueden ayudar en la recuperaci\u00f3n. Los m\u00e1s comunes incluyen:<\/p>\n\n\n\n<ul class=\"wp-block-list\">\n<li class=\"has-small-font-size\">Glutamina: puede ayudar a reducir el dolor muscular y mejorar la funci\u00f3n inmune.<\/li>\n<\/ul>\n\n\n\n<ul class=\"wp-block-list\">\n<li class=\"has-small-font-size\">BCAA\u2019s (Amino\u00e1cidos de cadena ramificada): Ayudan en la reparaci\u00f3n muscular y reducen la fatiga.<\/li>\n<\/ul>\n\n\n\n<ul class=\"wp-block-list\">\n<li class=\"has-small-font-size\">Creatina: mejora la recuperaci\u00f3n entre sesiones de entrenamiento y favorece la s\u00edntesis de ATP para un rendimiento mejorado.<\/li>\n<\/ul>\n<\/div>\n<\/div>\n\n\n\n<div class=\"wp-block-columns alignwide is-layout-flex wp-container-core-columns-is-layout-643ced6b wp-block-columns-is-layout-flex\">\n<div class=\"wp-block-column is-layout-flow wp-block-column-is-layout-flow\">\n<p class=\"has-base-3-color has-text-color has-link-color has-large-font-size wp-elements-bf28979436e44281430a11a02d99dc57\"><mark style=\"background-color:rgba(0, 0, 0, 0)\" class=\"has-inline-color has-accent-1-color\">\u25e2\u25e4<\/mark>\u25e2\u25e4\u25e2\u25e4\u25e2\u25e4\u25e2\u25e4\u25e2\u25e4<\/p>\n\n\n\n<h3 class=\"wp-block-heading\">7. Movilidad activa y estiramientos diarios<\/h3>\n\n\n\n<p class=\"has-small-font-size\">Mantener una rutina de movilidad activa (como el yoga o el pilates) incluso en los d\u00edas sin entrenamiento intenso ayudar\u00e1 a mejorar la flexibilidad y la elasticidad muscular, lo que previene rigidez y lesiones a largo plazo.<\/p>\n\n\n\n<ul class=\"wp-block-list\"><\/ul>\n<\/div>\n\n\n\n<div class=\"wp-block-column is-layout-flow wp-block-column-is-layout-flow\">\n<p class=\"has-base-3-color has-text-color has-link-color has-large-font-size wp-elements-cd032ae6d04080653ec18e7eacf5111e\">\u25e2\u25e4<mark style=\"background-color:rgba(0, 0, 0, 0)\" class=\"has-inline-color has-accent-1-color\">\u25e2\u25e4<\/mark>\u25e2\u25e4\u25e2\u25e4\u25e2\u25e4\u25e2\u25e4<\/p>\n\n\n\n<h3 class=\"wp-block-heading\">8. Escuchar al cuerpo<\/h3>\n\n\n\n<p class=\"has-contrast-color has-text-color has-link-color has-small-font-size wp-elements-c1b85b0ae88dab6e6e5cfeaf174fc8b8\">Si experimentas dolor excesivo o molestias inusuales, no ignores las se\u00f1ales de tu cuerpo. La sobrecarga y la fatiga pueden ser se\u00f1ales de que necesitas m\u00e1s descanso o que has realizado un esfuerzo excesivo. La prevenci\u00f3n de lesiones es m\u00e1s efectiva si se identifican y gestionan los signos tempranos de fatiga muscular.<\/p>\n<\/div>\n\n\n\n<div class=\"wp-block-column is-layout-flow wp-block-column-is-layout-flow\">\n<p class=\"has-base-3-color has-text-color has-link-color has-large-font-size wp-elements-70b1ad71a82a967c0f9f7ee127e15743\">\u25e2\u25e4\u25e2\u25e4<mark style=\"background-color:rgba(0, 0, 0, 0)\" class=\"has-inline-color has-accent-1-color\">\u25e2\u25e4<\/mark>\u25e2\u25e4\u25e2\u25e4\u25e2\u25e4<\/p>\n\n\n\n<h3 class=\"wp-block-heading has-text-align-center\">Implementando estos consejos, podr\u00e1s optimizar tu proceso de recuperaci\u00f3n muscular y prevenir as\u00ed posibles lesiones. La clave est\u00e1 en equilibrar el esfuerzo f\u00edsico con las estrategias adecuadas de recuperaci\u00f3n para conseguir los mejores resultados.<\/h3>\n\n\n\n<div style=\"height:37px\" aria-hidden=\"true\" class=\"wp-block-spacer\"><\/div>\n<\/div>\n<\/div>\n\n\n<ul class=\"wp-block-latest-posts__list is-grid columns-3 has-dates wp-block-latest-posts\"><li><div class=\"wp-block-latest-posts__featured-image\"><img loading=\"lazy\" decoding=\"async\" width=\"150\" height=\"150\" src=\"https:\/\/teste.anerfisioterapia.es\/wp-content\/uploads\/2025\/03\/Raw-Photo29-150x150.jpg\" class=\"attachment-thumbnail size-thumbnail wp-post-image\" alt=\"\" style=\"max-width:113px;max-height:113px;\" \/><\/div><a class=\"wp-block-latest-posts__post-title\" href=\"https:\/\/teste.anerfisioterapia.es\/index.php\/2025\/04\/03\/para-que-sirve-un-psicologo\/\">\u00bfPara qu\u00e9 sirve un psic\u00f3logo?<\/a><time datetime=\"2025-04-03T10:11:13+01:00\" class=\"wp-block-latest-posts__post-date\">3 de abril de 2025<\/time><div class=\"wp-block-latest-posts__post-excerpt\">Si no sabes en qu\u00e9 puede ayudarte un psic\u00f3logo, es dif\u00edcil que recurras a este tipo de ayuda cuando la necesites. En alg\u00fan momento, podr\u00edas necesitar ayuda y podr\u00edas ahorrarte mucho sufrimiento innecesario si conoces lo que un psic\u00f3logo puede hacer por ti.<\/div><\/li>\n<li><div class=\"wp-block-latest-posts__featured-image\"><img loading=\"lazy\" decoding=\"async\" width=\"150\" height=\"150\" src=\"https:\/\/teste.anerfisioterapia.es\/wp-content\/uploads\/2025\/04\/6-Crioterapia-vs.-Termoterapia-150x150.png\" class=\"attachment-thumbnail size-thumbnail wp-post-image\" alt=\"\" style=\"max-width:113px;max-height:113px;\" \/><\/div><a class=\"wp-block-latest-posts__post-title\" href=\"https:\/\/teste.anerfisioterapia.es\/index.php\/2025\/04\/03\/consejos-post-entrenamiento-para-mejorar-tu-recuperacion-por-eneko-petri\/\">Consejos post-entrenamiento por Eneko Petri<\/a><time datetime=\"2025-04-03T10:03:08+01:00\" class=\"wp-block-latest-posts__post-date\">3 de abril de 2025<\/time><div class=\"wp-block-latest-posts__post-excerpt\">Descubre los mejores consejos post entrenamiento de nuestro fisioterapeuta Eneko Petri y mejora tu recuperaci\u00f3n como nunca antes. Aqu\u00ed os dejamos algunos consejos y recomendaciones post-entrenamiento para favorecer la recuperaci\u00f3n muscular<\/div><\/li>\n<li><div class=\"wp-block-latest-posts__featured-image\"><img loading=\"lazy\" decoding=\"async\" width=\"150\" height=\"150\" src=\"https:\/\/teste.anerfisioterapia.es\/wp-content\/uploads\/2025\/03\/Blog-1-150x150.png\" class=\"attachment-thumbnail size-thumbnail wp-post-image\" alt=\"\" style=\"max-width:113px;max-height:113px;\" srcset=\"https:\/\/teste.anerfisioterapia.es\/wp-content\/uploads\/2025\/03\/Blog-1-150x150.png 150w, https:\/\/teste.anerfisioterapia.es\/wp-content\/uploads\/2025\/03\/Blog-1-300x300.png 300w, https:\/\/teste.anerfisioterapia.es\/wp-content\/uploads\/2025\/03\/Blog-1-1024x1024.png 1024w, https:\/\/teste.anerfisioterapia.es\/wp-content\/uploads\/2025\/03\/Blog-1-768x768.png 768w, https:\/\/teste.anerfisioterapia.es\/wp-content\/uploads\/2025\/03\/Blog-1.png 1080w\" sizes=\"auto, (max-width: 150px) 100vw, 150px\" \/><\/div><a class=\"wp-block-latest-posts__post-title\" href=\"https:\/\/teste.anerfisioterapia.es\/index.php\/2025\/03\/11\/hello-world\/\">Mensaje de Bienvenida<\/a><time datetime=\"2025-03-11T10:19:59+01:00\" class=\"wp-block-latest-posts__post-date\">11 de marzo de 2025<\/time><div class=\"wp-block-latest-posts__post-excerpt\">Bienvenidos y bienvenidas al Blog de Aner Fisioterapia<\/div><\/li>\n<\/ul><\/div>\n","protected":false},"excerpt":{"rendered":"<p>Consejos post-entrenamiento para mejorar tu recuperaci\u00f3n Por Eneko Petri Descubre los mejores consejos post entrenamiento de nuestro fisioterapeuta Eneko Petri y mejora tu recuperaci\u00f3n como nunca antes. La recuperaci\u00f3n muscular es un proceso crucial despu\u00e9s del entrenamiento para evitar lesiones, reducir la fatiga y mejorar el rendimiento en futuras sesiones. Aqu\u00ed os dejamos algunos consejos [&hellip;]<\/p>\n","protected":false},"author":1,"featured_media":341,"parent":0,"menu_order":0,"comment_status":"closed","ping_status":"closed","template":"","meta":{"footnotes":""},"class_list":["post-329","page","type-page","status-publish","has-post-thumbnail","hentry"],"_links":{"self":[{"href":"https:\/\/teste.anerfisioterapia.es\/index.php\/wp-json\/wp\/v2\/pages\/329","targetHints":{"allow":["GET"]}}],"collection":[{"href":"https:\/\/teste.anerfisioterapia.es\/index.php\/wp-json\/wp\/v2\/pages"}],"about":[{"href":"https:\/\/teste.anerfisioterapia.es\/index.php\/wp-json\/wp\/v2\/types\/page"}],"author":[{"embeddable":true,"href":"https:\/\/teste.anerfisioterapia.es\/index.php\/wp-json\/wp\/v2\/users\/1"}],"replies":[{"embeddable":true,"href":"https:\/\/teste.anerfisioterapia.es\/index.php\/wp-json\/wp\/v2\/comments?post=329"}],"version-history":[{"count":8,"href":"https:\/\/teste.anerfisioterapia.es\/index.php\/wp-json\/wp\/v2\/pages\/329\/revisions"}],"predecessor-version":[{"id":359,"href":"https:\/\/teste.anerfisioterapia.es\/index.php\/wp-json\/wp\/v2\/pages\/329\/revisions\/359"}],"wp:featuredmedia":[{"embeddable":true,"href":"https:\/\/teste.anerfisioterapia.es\/index.php\/wp-json\/wp\/v2\/media\/341"}],"wp:attachment":[{"href":"https:\/\/teste.anerfisioterapia.es\/index.php\/wp-json\/wp\/v2\/media?parent=329"}],"curies":[{"name":"wp","href":"https:\/\/api.w.org\/{rel}","templated":true}]}}