{"id":182,"date":"2025-03-23T00:40:49","date_gmt":"2025-03-22T23:40:49","guid":{"rendered":"https:\/\/teste.anerfisioterapia.es\/?page_id=182"},"modified":"2025-03-28T12:19:03","modified_gmt":"2025-03-28T11:19:03","slug":"fqs","status":"publish","type":"page","link":"https:\/\/teste.anerfisioterapia.es\/index.php\/fqs\/","title":{"rendered":"FQs"},"content":{"rendered":"\n<div class=\"wp-block-group is-nowrap is-layout-flex wp-container-core-group-is-layout-6c531013 wp-block-group-is-layout-flex\">\n<p><\/p>\n<\/div>\n\n\n\n<div class=\"wp-block-group alignfull has-global-padding is-layout-constrained wp-container-core-group-is-layout-1c740f8b wp-block-group-is-layout-constrained\" style=\"padding-top:var(--wp--preset--spacing--70);padding-bottom:var(--wp--preset--spacing--70)\">\n<h2 class=\"wp-block-heading has-text-align-center\">Preguntas Frecuentes<\/h2>\n\n\n\n<div class=\"wp-block-columns alignwide is-layout-flex wp-container-core-columns-is-layout-643ced6b wp-block-columns-is-layout-flex\">\n<div class=\"wp-block-column is-layout-flow wp-block-column-is-layout-flow\">\n<p class=\"has-base-3-color has-text-color has-link-color has-xx-large-font-size wp-elements-a54c71db3c7039637c6fe8bc2d3640d8\" style=\"line-height:1\"><mark style=\"background-color:rgba(0, 0, 0, 0)\" class=\"has-inline-color has-accent-1-color\">\u25cf<\/mark>\u25cb\u25cb\u25cb\u25cb\u25cb<\/p>\n\n\n\n<h3 class=\"wp-block-heading\"><strong>Informaci\u00f3n general<\/strong><\/h3>\n\n\n\n<ul class=\"wp-block-list\">\n<li class=\"has-contrast-color has-text-color has-link-color wp-elements-ecfa7fadd2e20d6b830f24e15e7283f4\"><a href=\"#Respuesta-1\">\u00bfQu\u00e9 servicio ofrece la cl\u00ednica?<\/a><\/li>\n<\/ul>\n\n\n\n<ul class=\"wp-block-list\">\n<li class=\"has-contrast-color has-text-color has-link-color wp-elements-27ffa98d19df454bf78f99b07ee61f46\"><a href=\"#Respuesta-2\">\u00bfCu\u00e1les son los horarios de atenci\u00f3n de la cl\u00ednica?<\/a><\/li>\n\n\n\n<li class=\"has-contrast-color has-text-color has-link-color wp-elements-cda55f4d749d71d7c4df15cd02cf13ca\"><a href=\"#Respuesta-3\">\u00bfEs necesario tener una cita previa para ser atendido?<\/a><\/li>\n<\/ul>\n<\/div>\n\n\n\n<div class=\"wp-block-column is-layout-flow wp-block-column-is-layout-flow\">\n<p class=\"has-base-3-color has-text-color has-link-color has-xx-large-font-size wp-elements-7554843662e179bdb4ff8eb2fd4ab78d\" style=\"line-height:1\">\u25cb<mark style=\"background-color:rgba(0, 0, 0, 0)\" class=\"has-inline-color has-accent-1-color\">\u25cf<\/mark>\u25cb\u25cb\u25cb\u25cb<\/p>\n\n\n\n<h3 class=\"wp-block-heading\"><strong>Tratamientos y Tecnolog\u00edas<\/strong><\/h3>\n\n\n\n<ul class=\"wp-block-list\">\n<li class=\"has-contrast-color has-text-color has-link-color wp-elements-858be0a8621b89eb5814558a62d666df\"><a href=\"#Respuesta-4\">\u00bfQu\u00e9 es la tecnolog\u00eda INDIBA y c\u00f3mo funciona?<\/a><\/li>\n<\/ul>\n\n\n\n<ul class=\"wp-block-list\">\n<li class=\"has-contrast-color has-text-color has-link-color wp-elements-9fdab69640520f96c0109ed057914cc0\"><a href=\"#Respuesta-5\">\u00bfQu\u00e9 ventajas tiene el uso del ec\u00f3grafo en los tratamientos?<\/a><\/li>\n\n\n\n<li class=\"has-contrast-color has-text-color has-link-color wp-elements-44eaaa11fba6c424183b189fae579f72\"><a href=\"#Respuesta-6\">\u00bfQu\u00e9 tipo de tratamientos se ofrecen para la rehabilitaci\u00f3n postquir\u00fargica?<\/a><\/li>\n<\/ul>\n<\/div>\n\n\n\n<div class=\"wp-block-column is-layout-flow wp-block-column-is-layout-flow\">\n<p class=\"has-base-3-color has-text-color has-link-color has-xx-large-font-size wp-elements-724cff64990fc013132e2228fbfd3000\" style=\"line-height:1\">\u25cb\u25cb<mark style=\"background-color:rgba(0, 0, 0, 0)\" class=\"has-inline-color has-accent-1-color\">\u25cf<\/mark>\u25cb\u25cb\u25cb<\/p>\n\n\n\n<h3 class=\"wp-block-heading\"><strong>Informaci\u00f3n para Pacientes<\/strong><\/h3>\n\n\n\n<ul class=\"wp-block-list\">\n<li class=\"has-contrast-color has-text-color has-link-color wp-elements-a4cc55418fe2b061cfdaa0d9f12279a9\"><a href=\"#Respuesta-7\">\u00bfQu\u00e9 debo llevar a mi primera cita?<\/a><\/li>\n<\/ul>\n\n\n\n<ul class=\"wp-block-list\">\n<li class=\"has-contrast-color has-text-color has-link-color wp-elements-986982613449aebf5d3c3c46680e6abf\"><a href=\"#Respuesta-8\">\u00bfCu\u00e1ntas sesiones de fisioterapia necesitar\u00e9?<\/a><\/li>\n\n\n\n<li class=\"has-contrast-color has-text-color has-link-color wp-elements-0a9586a3bdf97f209bdc379f33293f19\"><a href=\"#Respuesta-9\">\u00bfAceptan seguros m\u00e9dicos?<\/a><\/li>\n\n\n\n<li class=\"has-contrast-color has-text-color has-link-color wp-elements-056e5f73bd15c1d2819a8df2ff04b06f\"><a href=\"#Respuesta-10\">\u00bfCu\u00e1nto dura una sesi\u00f3n?<\/a><\/li>\n<\/ul>\n<\/div>\n<\/div>\n<\/div>\n\n\n\n<div class=\"wp-block-group alignfull has-base-3-color has-contrast-background-color has-text-color has-background has-link-color wp-elements-c6a480054f73e4ca31b63d9d23156f2b has-global-padding is-layout-constrained wp-container-core-group-is-layout-c0c79701 wp-block-group-is-layout-constrained\" style=\"padding-top:var(--wp--preset--spacing--70);padding-bottom:var(--wp--preset--spacing--70)\">\n<section id=\"Respuesta-1\" class=\"wp-block-group is-nowrap is-layout-flex wp-container-core-group-is-layout-6c531013 wp-block-group-is-layout-flex\">\n<div class=\"wp-block-group is-style-circle-align-middle has-base-color has-accent-1-background-color has-text-color has-background has-link-color wp-elements-d281de956d1a2637fc318d4bebf73966 wp-container-content-497478df is-layout-flow wp-block-group-is-layout-flow\">\n<p class=\"has-text-align-center has-x-large-font-size\">1<\/p>\n<\/div>\n\n\n\n<div class=\"wp-block-group has-global-padding is-layout-constrained wp-block-group-is-layout-constrained\">\n<h3 class=\"wp-block-heading has-base-color has-text-color has-link-color wp-elements-8cecbc98da5d0f31eaf3d5bf93522540\">\u00bfQu\u00e9 servicios ofrece la cl\u00ednica?<\/h3>\n\n\n\n<p>Ofrecemos una amplia gama de servicios de fisioterapia, incluyendo tratamientos para lesiones deportivas, problemas musculoesquel\u00e9ticos, rehabilitaci\u00f3n postquir\u00fargica, y terapias para el manejo del dolor. Tambi\u00e9n contamos con tecnolog\u00eda avanzada como el ec\u00f3grafo y el sistema INDIBA para mejorar la precisi\u00f3n y eficacia de nuestros tratamientos.<\/p>\n\n\n\n<div class=\"wp-block-buttons is-layout-flex wp-block-buttons-is-layout-flex\">\n<div class=\"wp-block-button\"><a class=\"wp-block-button__link wp-element-button\" href=\"https:\/\/teste.anerfisioterapia.es\/index.php\/servicios\/\">Saber m\u00e1s&#8230;<\/a><\/div>\n<\/div>\n<\/div>\n<\/section>\n\n\n\n<div id=\"Respuesta-2\" class=\"wp-block-group is-nowrap is-layout-flex wp-container-core-group-is-layout-0999c970 wp-block-group-is-layout-flex\">\n<div class=\"wp-block-group is-style-circle-align-middle has-base-color has-accent-1-background-color has-text-color has-background has-link-color wp-elements-d71bc411644a9de899d0f3113dc40810 wp-container-content-497478df is-layout-flow wp-block-group-is-layout-flow\">\n<p class=\"has-text-align-center has-x-large-font-size\">2<\/p>\n<\/div>\n\n\n\n<div class=\"wp-block-group has-global-padding is-layout-constrained wp-block-group-is-layout-constrained\">\n<h3 class=\"wp-block-heading has-base-color has-text-color has-link-color wp-elements-542f001ef32bd1cb5e9f5ec0a02c61de\">\u00bfCu\u00e1les son los horarios de atenci\u00f3n de la cl\u00ednica?<\/h3>\n\n\n\n<p>La cl\u00ednica est\u00e1 abierta de lunes a jueves de 8:30 a 19:00 y viernes de 08:30 a 17:00 para tratamientos, la atenci\u00f3n telef\u00f3nica se da de lunes a viernes de 08:30 a 13:00.<\/p>\n<\/div>\n<\/div>\n\n\n\n<div id=\"Respuesta-3\" class=\"wp-block-group is-nowrap is-layout-flex wp-container-core-group-is-layout-0999c970 wp-block-group-is-layout-flex\">\n<div class=\"wp-block-group is-style-circle-align-middle has-base-color has-accent-1-background-color has-text-color has-background has-link-color wp-elements-7725c1b11b302514624ff7b74d4992df wp-container-content-497478df is-layout-flow wp-block-group-is-layout-flow\">\n<p class=\"has-text-align-center has-x-large-font-size\">3<\/p>\n<\/div>\n\n\n\n<div class=\"wp-block-group has-global-padding is-layout-constrained wp-block-group-is-layout-constrained\">\n<h3 class=\"wp-block-heading has-base-color has-text-color has-link-color wp-elements-0864b1026cf49f3e90a80a4de24b16ec\">\u00bfEs necesario tener una cita previa para ser atendido?<\/h3>\n\n\n\n<p>S\u00ed, recomendamos a nuestros pacientes reservar una cita con antelaci\u00f3n para asegurar la disponibilidad de nuestros especialistas. Puedes agendar tu cita llam\u00e1ndonos o enviando un whatsapp al <a href=\"https:\/\/wa.me\/message\/FN6SZUF2I3MTP1\">609 626 170<\/a> o <a href=\"https:\/\/wa.me\/34672389943\">672 389 943<\/a>.<\/p>\n<\/div>\n<\/div>\n\n\n\n<div id=\"Respuesta-4\" class=\"wp-block-group is-nowrap is-layout-flex wp-container-core-group-is-layout-0999c970 wp-block-group-is-layout-flex\">\n<div class=\"wp-block-group is-style-circle-align-middle has-base-color has-accent-1-background-color has-text-color has-background has-link-color wp-elements-b9a5a859aebfe09e44d605b2c3de8359 wp-container-content-497478df is-layout-flow wp-block-group-is-layout-flow\">\n<p class=\"has-text-align-center has-x-large-font-size\">4<\/p>\n<\/div>\n\n\n\n<div class=\"wp-block-group has-global-padding is-layout-constrained wp-block-group-is-layout-constrained\">\n<h3 class=\"wp-block-heading has-base-color has-text-color has-link-color wp-elements-2d37b1bb7de7a17b5b64619476eef73f\">\u00bfQu\u00e9 es la tecnolog\u00eda INDIBA y c\u00f3mo funciona?<\/h3>\n\n\n\n<p><br>La tecnolog\u00eda <a href=\"https:\/\/indiba.com\/es\/products\/at7\/\">INDIBA<\/a> utiliza corrientes electromagn\u00e9ticas de radiofrecuencia para promover la regeneraci\u00f3n celular, reducir la inflamaci\u00f3n y acelerar la recuperaci\u00f3n de lesiones. Aplicando una frecuencia de 448 kHz, genera un calentamiento controlado en los tejidos tratados, lo que mejora la circulaci\u00f3n sangu\u00ednea y facilita la curaci\u00f3n.<\/p>\n<\/div>\n<\/div>\n\n\n\n<div id=\"Respuesta-5\" class=\"wp-block-group is-nowrap is-layout-flex wp-container-core-group-is-layout-0999c970 wp-block-group-is-layout-flex\">\n<div class=\"wp-block-group is-style-circle-align-middle has-base-color has-accent-1-background-color has-text-color has-background has-link-color wp-elements-9327c5b419cd3a362dddbac3896ac013 wp-container-content-497478df is-layout-flow wp-block-group-is-layout-flow\">\n<p class=\"has-text-align-center has-x-large-font-size\">5<\/p>\n<\/div>\n\n\n\n<div class=\"wp-block-group has-global-padding is-layout-constrained wp-block-group-is-layout-constrained\">\n<h3 class=\"wp-block-heading has-base-color has-text-color has-link-color wp-elements-1adf854d3fdaac1272a70f9918145ac7\">\u00bfQu\u00e9 ventajas tiene el uso del ec\u00f3grafo en los tratamientos?<\/h3>\n\n\n\n<p><br>El ec\u00f3grafo permite obtener im\u00e1genes detalladas de los tejidos blandos y estructuras internas del cuerpo, lo que asegura un diagn\u00f3stico preciso y la identificaci\u00f3n exacta de lesiones. Adem\u00e1s, es una t\u00e9cnica no invasiva y segura que permite monitorear el progreso de la recuperaci\u00f3n en tiempo real.<\/p>\n<\/div>\n<\/div>\n\n\n\n<div id=\"Respuesta-6\" class=\"wp-block-group is-nowrap is-layout-flex wp-container-core-group-is-layout-0999c970 wp-block-group-is-layout-flex\">\n<div class=\"wp-block-group is-style-circle-align-middle has-base-color has-accent-1-background-color has-text-color has-background has-link-color wp-elements-a8a4275bb9a7b018f980ddfaa1321be8 wp-container-content-497478df is-layout-flow wp-block-group-is-layout-flow\">\n<p class=\"has-text-align-center has-x-large-font-size\">6<\/p>\n<\/div>\n\n\n\n<div class=\"wp-block-group has-global-padding is-layout-constrained wp-block-group-is-layout-constrained\">\n<h3 class=\"wp-block-heading has-base-color has-text-color has-link-color wp-elements-0126cf87042792d25b4725e94ded66ad\">\u00bfQu\u00e9 tipo de tratamientos se ofrecen para la rehabilitaci\u00f3n postquir\u00fargica?<\/h3>\n\n\n\n<p><br>Ofrecemos un enfoque integral para la rehabilitaci\u00f3n postquir\u00fargica, que incluye ejercicios espec\u00edficos para recuperar la movilidad y la fuerza, tratamientos de fisioterapia para reducir el dolor y la inflamaci\u00f3n, y un plan de rehabilitaci\u00f3n personalizado adaptado a las necesidades de cada paciente.<\/p>\n<\/div>\n<\/div>\n\n\n\n<div id=\"Respuesta-7\" class=\"wp-block-group is-nowrap is-layout-flex wp-container-core-group-is-layout-0999c970 wp-block-group-is-layout-flex\">\n<div class=\"wp-block-group is-style-circle-align-middle has-base-color has-accent-1-background-color has-text-color has-background has-link-color wp-elements-e601686877dac115bf54f2870a554664 wp-container-content-497478df is-layout-flow wp-block-group-is-layout-flow\">\n<p class=\"has-text-align-center has-x-large-font-size\">7<\/p>\n<\/div>\n\n\n\n<div class=\"wp-block-group has-global-padding is-layout-constrained wp-block-group-is-layout-constrained\">\n<h3 class=\"wp-block-heading has-base-color has-text-color has-link-color wp-elements-17c884328b2ef8de7ae3dbcb6e3e7183\">\u00bfQu\u00e9 debo llevar a mi primera cita?<\/h3>\n\n\n\n<p><br>Para tu primera cita, te recomendamos traer cualquier informe m\u00e9dico relevante, como radiograf\u00edas, resonancias magn\u00e9ticas o informes de tu m\u00e9dico tratante. Tambi\u00e9n es \u00fatil llevar ropa c\u00f3moda y flexible para facilitar la evaluaci\u00f3n y tratamiento.<\/p>\n<\/div>\n<\/div>\n\n\n\n<div id=\"Respuesta-8\" class=\"wp-block-group is-nowrap is-layout-flex wp-container-core-group-is-layout-0999c970 wp-block-group-is-layout-flex\">\n<div class=\"wp-block-group is-style-circle-align-middle has-base-color has-accent-1-background-color has-text-color has-background has-link-color wp-elements-29d84c8f7a3a518a2c0b3d7e597cba42 wp-container-content-497478df is-layout-flow wp-block-group-is-layout-flow\">\n<p class=\"has-text-align-center has-x-large-font-size\">8<\/p>\n<\/div>\n\n\n\n<div class=\"wp-block-group has-global-padding is-layout-constrained wp-block-group-is-layout-constrained\">\n<h3 class=\"wp-block-heading has-base-color has-text-color has-link-color wp-elements-7649d07048a6f6ed8c6edf4d772872a5\">\u00bfCu\u00e1ntas sesiones de fisioterapia necesitar\u00e9?<\/h3>\n\n\n\n<p><br>La cantidad de sesiones necesarias var\u00eda seg\u00fan la condici\u00f3n y las necesidades individuales de cada paciente. Despu\u00e9s de una evaluaci\u00f3n inicial, nuestro fisioterapeuta desarrollar\u00e1 un plan de tratamiento personalizado y te informar\u00e1 del n\u00famero estimado de sesiones requeridas.<\/p>\n<\/div>\n<\/div>\n\n\n\n<div id=\"Respuesta-9\" class=\"wp-block-group is-nowrap is-layout-flex wp-container-core-group-is-layout-0999c970 wp-block-group-is-layout-flex\">\n<div class=\"wp-block-group is-style-circle-align-middle has-base-color has-accent-1-background-color has-text-color has-background has-link-color wp-elements-43418e12c6ad63eacafc948ff5352446 wp-container-content-497478df is-layout-flow wp-block-group-is-layout-flow\">\n<p class=\"has-text-align-center has-x-large-font-size\">9<\/p>\n<\/div>\n\n\n\n<div class=\"wp-block-group has-global-padding is-layout-constrained wp-block-group-is-layout-constrained\">\n<h3 class=\"wp-block-heading has-base-color has-text-color has-link-color wp-elements-39d3368da53c1995c66acaf1f2cdc5ff\">\u00bfAceptan seguros m\u00e9dicos?<\/h3>\n\n\n\n<p><br>No aceptamos seguros m\u00e9dicos. Sin embargo, puedes pagar por adelantado y presentar la factura a tu seguro. Antes de hacerlo, te recomendamos certificarte de que tu seguro acepta esta forma de reembolso.<\/p>\n<\/div>\n<\/div>\n\n\n\n<div id=\"Respuesta-10\" class=\"wp-block-group is-nowrap is-layout-flex wp-container-core-group-is-layout-0999c970 wp-block-group-is-layout-flex\">\n<div class=\"wp-block-group is-style-circle-align-middle has-base-color has-accent-1-background-color has-text-color has-background has-link-color wp-elements-2e2b55ebd339b0599fa8b60221a8858b wp-container-content-497478df is-layout-flow wp-block-group-is-layout-flow\">\n<p class=\"has-text-align-center has-x-large-font-size\">10<\/p>\n<\/div>\n\n\n\n<div class=\"wp-block-group has-global-padding is-layout-constrained wp-block-group-is-layout-constrained\">\n<h3 class=\"wp-block-heading has-base-color has-text-color has-link-color wp-elements-c385c38d62588f1f1c23a1332e6aef23\">\u00bfCu\u00e1nto dura una sesi\u00f3n?<\/h3>\n\n\n\n<p><br>En nuestras sesiones de fisioterapia, trabajamos de manera personalizada. Cada sesi\u00f3n tiene una duraci\u00f3n aproximada de 45 minutos, ajust\u00e1ndonos siempre a las necesidades espec\u00edficas de cada paciente, valoradas por nuestros profesionales.<\/p>\n<\/div>\n<\/div>\n<\/div>\n","protected":false},"excerpt":{"rendered":"<p>Preguntas Frecuentes \u25cf\u25cb\u25cb\u25cb\u25cb\u25cb Informaci\u00f3n general \u25cb\u25cf\u25cb\u25cb\u25cb\u25cb Tratamientos y Tecnolog\u00edas \u25cb\u25cb\u25cf\u25cb\u25cb\u25cb Informaci\u00f3n para Pacientes 1 \u00bfQu\u00e9 servicios ofrece la cl\u00ednica? Ofrecemos una amplia gama de servicios de fisioterapia, incluyendo tratamientos para lesiones deportivas, problemas musculoesquel\u00e9ticos, rehabilitaci\u00f3n postquir\u00fargica, y terapias para el manejo del dolor. Tambi\u00e9n contamos con tecnolog\u00eda avanzada como el ec\u00f3grafo y el sistema INDIBA [&hellip;]<\/p>\n","protected":false},"author":1,"featured_media":0,"parent":0,"menu_order":0,"comment_status":"closed","ping_status":"closed","template":"","meta":{"footnotes":""},"class_list":["post-182","page","type-page","status-publish","hentry"],"_links":{"self":[{"href":"https:\/\/teste.anerfisioterapia.es\/index.php\/wp-json\/wp\/v2\/pages\/182","targetHints":{"allow":["GET"]}}],"collection":[{"href":"https:\/\/teste.anerfisioterapia.es\/index.php\/wp-json\/wp\/v2\/pages"}],"about":[{"href":"https:\/\/teste.anerfisioterapia.es\/index.php\/wp-json\/wp\/v2\/types\/page"}],"author":[{"embeddable":true,"href":"https:\/\/teste.anerfisioterapia.es\/index.php\/wp-json\/wp\/v2\/users\/1"}],"replies":[{"embeddable":true,"href":"https:\/\/teste.anerfisioterapia.es\/index.php\/wp-json\/wp\/v2\/comments?post=182"}],"version-history":[{"count":24,"href":"https:\/\/teste.anerfisioterapia.es\/index.php\/wp-json\/wp\/v2\/pages\/182\/revisions"}],"predecessor-version":[{"id":305,"href":"https:\/\/teste.anerfisioterapia.es\/index.php\/wp-json\/wp\/v2\/pages\/182\/revisions\/305"}],"wp:attachment":[{"href":"https:\/\/teste.anerfisioterapia.es\/index.php\/wp-json\/wp\/v2\/media?parent=182"}],"curies":[{"name":"wp","href":"https:\/\/api.w.org\/{rel}","templated":true}]}}