{"id":150,"date":"2025-03-22T22:57:22","date_gmt":"2025-03-22T21:57:22","guid":{"rendered":"https:\/\/teste.anerfisioterapia.es\/?page_id=150"},"modified":"2025-04-03T09:29:12","modified_gmt":"2025-04-03T08:29:12","slug":"blog","status":"publish","type":"page","link":"https:\/\/teste.anerfisioterapia.es\/index.php\/blog\/","title":{"rendered":"Blog"},"content":{"rendered":"\n<p><\/p>\n\n\n\n<div class=\"wp-block-cover alignfull\" style=\"min-height:500px;aspect-ratio:unset;\" id=\"Bienvenida-Blog\"><span aria-hidden=\"true\" class=\"wp-block-cover__background has-background-dim-30 has-background-dim\" style=\"background-color:#676767\"><\/span><img loading=\"lazy\" decoding=\"async\" width=\"1080\" height=\"1080\" class=\"wp-block-cover__image-background wp-image-166\" alt=\"\" src=\"https:\/\/teste.anerfisioterapia.es\/wp-content\/uploads\/2025\/03\/Blog.png\" data-object-fit=\"cover\" srcset=\"https:\/\/teste.anerfisioterapia.es\/wp-content\/uploads\/2025\/03\/Blog.png 1080w, https:\/\/teste.anerfisioterapia.es\/wp-content\/uploads\/2025\/03\/Blog-300x300.png 300w, https:\/\/teste.anerfisioterapia.es\/wp-content\/uploads\/2025\/03\/Blog-1024x1024.png 1024w, https:\/\/teste.anerfisioterapia.es\/wp-content\/uploads\/2025\/03\/Blog-150x150.png 150w, https:\/\/teste.anerfisioterapia.es\/wp-content\/uploads\/2025\/03\/Blog-768x768.png 768w\" sizes=\"auto, (max-width: 1080px) 100vw, 1080px\" \/><div class=\"wp-block-cover__inner-container has-global-padding is-layout-constrained wp-block-cover-is-layout-constrained\">\n<div class=\"wp-block-group alignwide is-layout-flow wp-block-group-is-layout-flow\">\n<p class=\"has-text-align-center has-xx-large-font-size\" style=\"font-style:normal;font-weight:600\">Bienvenidos y bienvenidas al Blog de Aner Fisioterapia<\/p>\n\n\n\n<div style=\"height:3em\" aria-hidden=\"true\" class=\"wp-block-spacer\"><\/div>\n<\/div>\n<\/div><\/div>\n\n\n\n<div class=\"wp-block-group alignfull has-base-2-color has-contrast-background-color has-text-color has-background has-link-color wp-elements-f796550deed97b5ccf5ed1b095d7b364 has-global-padding is-layout-constrained wp-block-group-is-layout-constrained\" style=\"margin-top:0;padding-top:var(--wp--preset--spacing--80);padding-bottom:var(--wp--preset--spacing--80)\">\n<h1 class=\"wp-block-heading alignwide has-text-align-center is-style-default has-base-color has-text-color has-link-color wp-elements-caa4f563630d7e9a84f408e90618ce57\" style=\"margin-top:var(--wp--preset--spacing--60);margin-right:var(--wp--preset--spacing--60);margin-bottom:var(--wp--preset--spacing--60);margin-left:var(--wp--preset--spacing--60)\">Recupera tu fuerza, redescubre tu movilidad y revitaliza tu esp\u00edritu. Empieza tu viaje hacia la recuperaci\u00f3n total.<\/h1>\n\n\n\n<div class=\"wp-block-group alignwide is-layout-grid wp-container-core-group-is-layout-66f51013 wp-block-group-is-layout-grid\">\n<div class=\"wp-block-group has-global-padding is-layout-constrained wp-block-group-is-layout-constrained\">\n<h3 class=\"wp-block-heading has-base-color has-text-color has-link-color wp-elements-f49c6c33260a7b383bc262fa55dc7e34\">Descubre los beneficios de la fisioterapia preventiva, consejos pr\u00e1cticos, ejercicios de fortalecimiento, etc.<\/h3>\n<\/div>\n\n\n\n<div class=\"wp-block-group has-global-padding is-layout-constrained wp-block-group-is-layout-constrained\">\n<h3 class=\"wp-block-heading has-base-color has-text-color has-link-color wp-elements-b76945af0cb27bc731083b1b363fe15f\">Tratamientos, rehabilitaci\u00f3n y todo lo que debas saber sobre el tema.<\/h3>\n<\/div>\n\n\n\n<div class=\"wp-block-group has-global-padding is-layout-constrained wp-block-group-is-layout-constrained\">\n<h3 class=\"wp-block-heading has-base-color has-text-color has-link-color wp-elements-420a0ee5eaa3e94a03b64efa78f7b5f5\">Psicolog\u00eda, todos los consejos y ayuda de las manos de nuestra psic\u00f3loga experta Beatriz Alonso.<\/h3>\n<\/div>\n<\/div>\n<\/div>\n\n\n\n<div style=\"height:50px\" aria-hidden=\"true\" class=\"wp-block-spacer\"><\/div>\n\n\n\n<h2 class=\"wp-block-heading has-text-align-center\">Mensaje de bienvenida<\/h2>\n\n\n\n<div style=\"height:50px\" aria-hidden=\"true\" class=\"wp-block-spacer\"><\/div>\n\n\n\n<div class=\"wp-block-group alignfull has-base-3-background-color has-background has-global-padding is-layout-constrained wp-block-group-is-layout-constrained\" id=\"Bienvenida-blog\" style=\"margin-top:0;padding-top:var(--wp--preset--spacing--80);padding-bottom:var(--wp--preset--spacing--80)\">\n<div class=\"wp-block-media-text alignwide is-stacked-on-mobile\"><figure class=\"wp-block-media-text__media\"><img loading=\"lazy\" decoding=\"async\" width=\"1024\" height=\"1024\" src=\"https:\/\/teste.anerfisioterapia.es\/wp-content\/uploads\/2025\/03\/Blog-1-1024x1024.png\" alt=\"\" class=\"wp-image-168 size-full\" srcset=\"https:\/\/teste.anerfisioterapia.es\/wp-content\/uploads\/2025\/03\/Blog-1-1024x1024.png 1024w, https:\/\/teste.anerfisioterapia.es\/wp-content\/uploads\/2025\/03\/Blog-1-300x300.png 300w, https:\/\/teste.anerfisioterapia.es\/wp-content\/uploads\/2025\/03\/Blog-1-150x150.png 150w, https:\/\/teste.anerfisioterapia.es\/wp-content\/uploads\/2025\/03\/Blog-1-768x768.png 768w, https:\/\/teste.anerfisioterapia.es\/wp-content\/uploads\/2025\/03\/Blog-1.png 1080w\" sizes=\"auto, (max-width: 1024px) 100vw, 1024px\" \/><\/figure><div class=\"wp-block-media-text__content\">\n<p>En Aner Fisioterapia , creemos en el poder de la atenci\u00f3n integral y personalizada para mejorar tu calidad de vida. Somos un equipo apasionado compuesto por fisioterapeutas y una psic\u00f3loga, comprometidos en brindarte el mejor cuidado posible. Nuestra misi\u00f3n es acompa\u00f1arte en tu camino hacia el bienestar f\u00edsico y emocional. En este espacio, encontrar\u00e1s informaci\u00f3n valiosa sobre fisioterapia, osteopat\u00eda y psicolog\u00eda, desde consejos pr\u00e1cticos hasta historias inspiradoras de nuestros pacientes. Queremos que te sientas como en casa, porque aqu\u00ed, cada consulta es una oportunidad para conocerte mejor y ayudarte a alcanzar tus metas de salud. Te invitamos a explorar nuestro blog, donde compartimos art\u00edculos y recursos dise\u00f1ados para empoderarte en tu viaje hacia una vida m\u00e1s sana y equilibrada. No importa si est\u00e1s buscando alivio para una lesi\u00f3n, mejorar tu postura, o simplemente aprender a gestionar mejor el estr\u00e9s, estamos aqu\u00ed para guiarte. Gracias por confiar en nosotros y ser parte de la comunidad de Aner Fisioterapia. Juntos, haremos que cada paso hacia la salud sea m\u00e1s f\u00e1cil y agradable.<\/p>\n<\/div><\/div>\n<\/div>\n\n\n\n<main id=\"primary\" class=\"wp-block-group has-base-2-background-color has-background is-layout-flow wp-block-group-is-layout-flow\" style=\"margin-top:0;margin-bottom:0;padding-top:var(--wp--preset--spacing--70);padding-bottom:var(--wp--preset--spacing--70)\">\n<div class=\"wp-block-group has-global-padding is-layout-constrained wp-block-group-is-layout-constrained\">\n<div class=\"wp-block-query alignwide is-layout-flow wp-block-query-is-layout-flow\"><ul class=\"wp-block-post-template is-layout-grid wp-container-core-post-template-is-layout-c6c97eaf wp-block-post-template-is-layout-grid\"><li class=\"wp-block-post post-334 page type-page status-publish has-post-thumbnail hentry\">\n\n<div class=\"wp-block-group has-base-background-color has-background has-global-padding is-content-justification-left is-layout-constrained wp-container-core-group-is-layout-3540e7cd wp-block-group-is-layout-constrained\" style=\"border-radius:24px\"><figure style=\"aspect-ratio:16\/9;\" class=\"wp-block-post-featured-image\"><a href=\"https:\/\/teste.anerfisioterapia.es\/index.php\/blog-para-que-sirve-un-psicologo\/\" target=\"_blank\"  ><img loading=\"lazy\" decoding=\"async\" width=\"2560\" height=\"1707\" src=\"https:\/\/teste.anerfisioterapia.es\/wp-content\/uploads\/2025\/03\/Raw-Photo29-scaled.jpg\" class=\"attachment-post-thumbnail size-post-thumbnail wp-post-image\" alt=\"Blog \u00bfPara qu\u00e9 sirve un psic\u00f3logo?\" style=\"border-top-left-radius:24px;border-top-right-radius:24px;width:100%;height:100%;object-fit:cover;\" srcset=\"https:\/\/teste.anerfisioterapia.es\/wp-content\/uploads\/2025\/03\/Raw-Photo29-scaled.jpg 2560w, https:\/\/teste.anerfisioterapia.es\/wp-content\/uploads\/2025\/03\/Raw-Photo29-300x200.jpg 300w, https:\/\/teste.anerfisioterapia.es\/wp-content\/uploads\/2025\/03\/Raw-Photo29-1024x683.jpg 1024w, https:\/\/teste.anerfisioterapia.es\/wp-content\/uploads\/2025\/03\/Raw-Photo29-768x512.jpg 768w, https:\/\/teste.anerfisioterapia.es\/wp-content\/uploads\/2025\/03\/Raw-Photo29-1536x1024.jpg 1536w, https:\/\/teste.anerfisioterapia.es\/wp-content\/uploads\/2025\/03\/Raw-Photo29-2048x1365.jpg 2048w\" sizes=\"auto, (max-width: 2560px) 100vw, 2560px\" \/><\/a><\/figure>\n\n\n<div class=\"wp-block-group has-global-padding is-layout-constrained wp-container-core-group-is-layout-f611be13 wp-block-group-is-layout-constrained\" style=\"padding-top:var(--wp--preset--spacing--50);padding-right:var(--wp--preset--spacing--50);padding-bottom:var(--wp--preset--spacing--50);padding-left:var(--wp--preset--spacing--50)\"><h2 class=\"is-style-links-underline-on-hover wp-block-post-title\"><a href=\"https:\/\/teste.anerfisioterapia.es\/index.php\/blog-para-que-sirve-un-psicologo\/\" target=\"_self\" rel=\"Bienvenida-blog\">Blog \u00bfPara qu\u00e9 sirve un psic\u00f3logo?<\/a><\/h2>\n\n<div class=\"has-link-color wp-elements-35dbde74aebed8764c336f33818fa546 wp-block-post-date has-text-color has-contrast-3-color\"><time datetime=\"2025-04-03T09:22:15+01:00\">3 de abril de 2025<\/time><\/div><\/div>\n<\/div>\n\n<\/li><li class=\"wp-block-post post-329 page type-page status-publish has-post-thumbnail hentry\">\n\n<div class=\"wp-block-group has-base-background-color has-background has-global-padding is-content-justification-left is-layout-constrained wp-container-core-group-is-layout-3540e7cd wp-block-group-is-layout-constrained\" style=\"border-radius:24px\"><figure style=\"aspect-ratio:16\/9;\" class=\"wp-block-post-featured-image\"><a href=\"https:\/\/teste.anerfisioterapia.es\/index.php\/blog-consejos-post-entrenamiento-para-mejorar-tu-recuperacion\/\" target=\"_blank\"  ><img loading=\"lazy\" decoding=\"async\" width=\"1920\" height=\"1080\" src=\"https:\/\/teste.anerfisioterapia.es\/wp-content\/uploads\/2025\/04\/6-Crioterapia-vs.-Termoterapia.png\" class=\"attachment-post-thumbnail size-post-thumbnail wp-post-image\" alt=\"Blog Consejos post-entrenamiento para mejorar tu recuperaci\u00f3n\" style=\"border-top-left-radius:24px;border-top-right-radius:24px;width:100%;height:100%;object-fit:cover;\" srcset=\"https:\/\/teste.anerfisioterapia.es\/wp-content\/uploads\/2025\/04\/6-Crioterapia-vs.-Termoterapia.png 1920w, https:\/\/teste.anerfisioterapia.es\/wp-content\/uploads\/2025\/04\/6-Crioterapia-vs.-Termoterapia-300x169.png 300w, https:\/\/teste.anerfisioterapia.es\/wp-content\/uploads\/2025\/04\/6-Crioterapia-vs.-Termoterapia-1024x576.png 1024w, https:\/\/teste.anerfisioterapia.es\/wp-content\/uploads\/2025\/04\/6-Crioterapia-vs.-Termoterapia-768x432.png 768w, https:\/\/teste.anerfisioterapia.es\/wp-content\/uploads\/2025\/04\/6-Crioterapia-vs.-Termoterapia-1536x864.png 1536w\" sizes=\"auto, (max-width: 1920px) 100vw, 1920px\" \/><\/a><\/figure>\n\n\n<div class=\"wp-block-group has-global-padding is-layout-constrained wp-container-core-group-is-layout-f611be13 wp-block-group-is-layout-constrained\" style=\"padding-top:var(--wp--preset--spacing--50);padding-right:var(--wp--preset--spacing--50);padding-bottom:var(--wp--preset--spacing--50);padding-left:var(--wp--preset--spacing--50)\"><h2 class=\"is-style-links-underline-on-hover wp-block-post-title\"><a href=\"https:\/\/teste.anerfisioterapia.es\/index.php\/blog-consejos-post-entrenamiento-para-mejorar-tu-recuperacion\/\" target=\"_self\" rel=\"Bienvenida-blog\">Blog Consejos post-entrenamiento para mejorar tu recuperaci\u00f3n<\/a><\/h2>\n\n<div class=\"has-link-color wp-elements-35dbde74aebed8764c336f33818fa546 wp-block-post-date has-text-color has-contrast-3-color\"><time datetime=\"2025-04-03T08:56:31+01:00\">3 de abril de 2025<\/time><\/div><\/div>\n<\/div>\n\n<\/li><li class=\"wp-block-post post-150 page type-page status-publish has-post-thumbnail hentry\">\n\n<div class=\"wp-block-group has-base-background-color has-background has-global-padding is-content-justification-left is-layout-constrained wp-container-core-group-is-layout-3540e7cd wp-block-group-is-layout-constrained\" style=\"border-radius:24px\"><figure style=\"aspect-ratio:16\/9;\" class=\"wp-block-post-featured-image\"><a href=\"https:\/\/teste.anerfisioterapia.es\/index.php\/blog\/\" target=\"_blank\"  ><img loading=\"lazy\" decoding=\"async\" width=\"1080\" height=\"1080\" src=\"https:\/\/teste.anerfisioterapia.es\/wp-content\/uploads\/2025\/03\/Blog-1.png\" class=\"attachment-post-thumbnail size-post-thumbnail wp-post-image\" alt=\"Blog\" style=\"border-top-left-radius:24px;border-top-right-radius:24px;width:100%;height:100%;object-fit:cover;\" srcset=\"https:\/\/teste.anerfisioterapia.es\/wp-content\/uploads\/2025\/03\/Blog-1.png 1080w, https:\/\/teste.anerfisioterapia.es\/wp-content\/uploads\/2025\/03\/Blog-1-300x300.png 300w, https:\/\/teste.anerfisioterapia.es\/wp-content\/uploads\/2025\/03\/Blog-1-1024x1024.png 1024w, https:\/\/teste.anerfisioterapia.es\/wp-content\/uploads\/2025\/03\/Blog-1-150x150.png 150w, https:\/\/teste.anerfisioterapia.es\/wp-content\/uploads\/2025\/03\/Blog-1-768x768.png 768w\" sizes=\"auto, (max-width: 1080px) 100vw, 1080px\" \/><\/a><\/figure>\n\n\n<div class=\"wp-block-group has-global-padding is-layout-constrained wp-container-core-group-is-layout-f611be13 wp-block-group-is-layout-constrained\" style=\"padding-top:var(--wp--preset--spacing--50);padding-right:var(--wp--preset--spacing--50);padding-bottom:var(--wp--preset--spacing--50);padding-left:var(--wp--preset--spacing--50)\"><h2 class=\"is-style-links-underline-on-hover wp-block-post-title\"><a href=\"https:\/\/teste.anerfisioterapia.es\/index.php\/blog\/\" target=\"_self\" rel=\"Bienvenida-blog\">Blog<\/a><\/h2>\n\n<div class=\"has-link-color wp-elements-35dbde74aebed8764c336f33818fa546 wp-block-post-date has-text-color has-contrast-3-color\"><time datetime=\"2025-03-22T22:57:22+01:00\">22 de marzo de 2025<\/time><\/div><\/div>\n<\/div>\n\n<\/li><\/ul>\n\n\n<div class=\"wp-block-group is-layout-flow wp-block-group-is-layout-flow\" style=\"margin-top:var(--wp--preset--spacing--70)\"><\/div>\n<\/div>\n<\/div>\n<\/main>\n\n\n\n<div style=\"height:50px\" aria-hidden=\"true\" class=\"wp-block-spacer\"><\/div>\n\n\n\n<div style=\"height:50px\" aria-hidden=\"true\" class=\"wp-block-spacer\"><\/div>\n","protected":false},"excerpt":{"rendered":"<p>Recupera tu fuerza, redescubre tu movilidad y revitaliza tu esp\u00edritu. Empieza tu viaje hacia la recuperaci\u00f3n total. Descubre los beneficios de la fisioterapia preventiva, consejos pr\u00e1cticos, ejercicios de fortalecimiento, etc. Tratamientos, rehabilitaci\u00f3n y todo lo que debas saber sobre el tema. Psicolog\u00eda, todos los consejos y ayuda de las manos de nuestra psic\u00f3loga experta Beatriz [&hellip;]<\/p>\n","protected":false},"author":1,"featured_media":168,"parent":0,"menu_order":-1,"comment_status":"closed","ping_status":"closed","template":"","meta":{"footnotes":""},"class_list":["post-150","page","type-page","status-publish","has-post-thumbnail","hentry"],"_links":{"self":[{"href":"https:\/\/teste.anerfisioterapia.es\/index.php\/wp-json\/wp\/v2\/pages\/150","targetHints":{"allow":["GET"]}}],"collection":[{"href":"https:\/\/teste.anerfisioterapia.es\/index.php\/wp-json\/wp\/v2\/pages"}],"about":[{"href":"https:\/\/teste.anerfisioterapia.es\/index.php\/wp-json\/wp\/v2\/types\/page"}],"author":[{"embeddable":true,"href":"https:\/\/teste.anerfisioterapia.es\/index.php\/wp-json\/wp\/v2\/users\/1"}],"replies":[{"embeddable":true,"href":"https:\/\/teste.anerfisioterapia.es\/index.php\/wp-json\/wp\/v2\/comments?post=150"}],"version-history":[{"count":14,"href":"https:\/\/teste.anerfisioterapia.es\/index.php\/wp-json\/wp\/v2\/pages\/150\/revisions"}],"predecessor-version":[{"id":338,"href":"https:\/\/teste.anerfisioterapia.es\/index.php\/wp-json\/wp\/v2\/pages\/150\/revisions\/338"}],"wp:featuredmedia":[{"embeddable":true,"href":"https:\/\/teste.anerfisioterapia.es\/index.php\/wp-json\/wp\/v2\/media\/168"}],"wp:attachment":[{"href":"https:\/\/teste.anerfisioterapia.es\/index.php\/wp-json\/wp\/v2\/media?parent=150"}],"curies":[{"name":"wp","href":"https:\/\/api.w.org\/{rel}","templated":true}]}}