{"id":106,"date":"2025-03-22T20:14:38","date_gmt":"2025-03-22T19:14:38","guid":{"rendered":"https:\/\/teste.anerfisioterapia.es\/?page_id=106"},"modified":"2025-03-28T12:22:42","modified_gmt":"2025-03-28T11:22:42","slug":"servicios","status":"publish","type":"page","link":"https:\/\/teste.anerfisioterapia.es\/index.php\/servicios\/","title":{"rendered":"Servicios \/ Zerbitzuak"},"content":{"rendered":"\n<div class=\"wp-block-columns alignwide is-layout-flex wp-container-core-columns-is-layout-28f84493 wp-block-columns-is-layout-flex\">\n<div class=\"wp-block-column is-layout-flow wp-block-column-is-layout-flow\" style=\"flex-basis:100%\">\n<div class=\"wp-block-group alignwide has-global-padding is-layout-constrained wp-block-group-is-layout-constrained\">\n<div class=\"wp-block-cover alignfull is-light\" style=\"min-height:100vh;aspect-ratio:unset;\"><span aria-hidden=\"true\" class=\"wp-block-cover__background has-background-dim\" style=\"background-color:#a5978a\"><\/span><img loading=\"lazy\" decoding=\"async\" width=\"2560\" height=\"1706\" class=\"wp-block-cover__image-background wp-image-108\" alt=\"\" src=\"https:\/\/teste.anerfisioterapia.es\/wp-content\/uploads\/2025\/03\/Raw-Photo18-scaled.jpg\" data-object-fit=\"cover\" srcset=\"https:\/\/teste.anerfisioterapia.es\/wp-content\/uploads\/2025\/03\/Raw-Photo18-scaled.jpg 2560w, https:\/\/teste.anerfisioterapia.es\/wp-content\/uploads\/2025\/03\/Raw-Photo18-300x200.jpg 300w, https:\/\/teste.anerfisioterapia.es\/wp-content\/uploads\/2025\/03\/Raw-Photo18-1024x683.jpg 1024w, https:\/\/teste.anerfisioterapia.es\/wp-content\/uploads\/2025\/03\/Raw-Photo18-768x512.jpg 768w, https:\/\/teste.anerfisioterapia.es\/wp-content\/uploads\/2025\/03\/Raw-Photo18-1536x1024.jpg 1536w, https:\/\/teste.anerfisioterapia.es\/wp-content\/uploads\/2025\/03\/Raw-Photo18-2048x1365.jpg 2048w\" sizes=\"auto, (max-width: 2560px) 100vw, 2560px\" \/><div class=\"wp-block-cover__inner-container is-layout-flow wp-block-cover-is-layout-flow\">\n<p class=\"has-text-align-center has-large-font-size\">\u00a1Cuidamos de tu salud y tu calidad de vida!<\/p>\n\n\n\n<p class=\"has-text-align-center has-large-font-size\"><em>Zure osasuna eta bizi kalitatea zaintzen ditugu!<\/em><\/p>\n<\/div><\/div>\n<\/div>\n<\/div>\n<\/div>\n\n\n\n<div style=\"height:50px\" aria-hidden=\"true\" class=\"wp-block-spacer\"><\/div>\n\n\n\n<div class=\"wp-block-group alignwide is-layout-flow wp-block-group-is-layout-flow\" style=\"margin-top:var(--wp--preset--spacing--80)\">\n<h1 class=\"wp-block-heading has-text-align-center\" style=\"text-transform:uppercase\">servicios \/ Zerbitzuak<\/h1>\n\n\n\n<div style=\"height:50px\" aria-hidden=\"true\" class=\"wp-block-spacer\"><\/div>\n\n\n\n<div class=\"wp-block-columns is-layout-flex wp-container-core-columns-is-layout-dc63b7a3 wp-block-columns-is-layout-flex\" style=\"margin-top:var(--wp--preset--spacing--60)\">\n<div class=\"wp-block-column is-layout-flow wp-block-column-is-layout-flow\" id=\"Fisioterapia-deportiva\">\n<div style=\"aspect-ratio:16\/9;min-height:unset;\" class=\"wp-block-cover has-base-color has-text-color has-link-color wp-elements-ebf7b82ac25fb5ef9a52868d775804a7 has-aspect-ratio\"><span aria-hidden=\"true\" class=\"wp-block-cover__background has-contrast-background-color has-background-dim-30 has-background-dim\"><\/span><img loading=\"lazy\" decoding=\"async\" width=\"1600\" height=\"1066\" class=\"wp-block-cover__image-background wp-image-110\" alt=\"\" src=\"https:\/\/teste.anerfisioterapia.es\/wp-content\/uploads\/2025\/03\/Deportiva-1-1.jpg\" data-object-fit=\"cover\" srcset=\"https:\/\/teste.anerfisioterapia.es\/wp-content\/uploads\/2025\/03\/Deportiva-1-1.jpg 1600w, https:\/\/teste.anerfisioterapia.es\/wp-content\/uploads\/2025\/03\/Deportiva-1-1-300x200.jpg 300w, https:\/\/teste.anerfisioterapia.es\/wp-content\/uploads\/2025\/03\/Deportiva-1-1-1024x682.jpg 1024w, https:\/\/teste.anerfisioterapia.es\/wp-content\/uploads\/2025\/03\/Deportiva-1-1-768x512.jpg 768w, https:\/\/teste.anerfisioterapia.es\/wp-content\/uploads\/2025\/03\/Deportiva-1-1-1536x1023.jpg 1536w\" sizes=\"auto, (max-width: 1600px) 100vw, 1600px\" \/><div class=\"wp-block-cover__inner-container is-layout-flow wp-block-cover-is-layout-flow\">\n<p class=\"has-text-align-center\" style=\"text-transform:uppercase\">Fisioterapia Deportiva<\/p>\n<\/div><\/div>\n\n\n\n<div class=\"wp-block-group has-global-padding is-layout-constrained wp-container-core-group-is-layout-f611be13 wp-block-group-is-layout-constrained\" style=\"padding-top:var(--wp--preset--spacing--50);padding-right:var(--wp--preset--spacing--50);padding-bottom:var(--wp--preset--spacing--50);padding-left:var(--wp--preset--spacing--50)\">\n<p class=\"has-text-align-center\">La fisioterapia deportiva se especializa en la prevenci\u00f3n y tratamiento de lesiones causadas por la actividad f\u00edsica y el deporte. Esta disciplina no solo se centra en la recuperaci\u00f3n de lesiones, sino tambi\u00e9n en mejorar el rendimiento, acelerar la recuperaci\u00f3n y prevenir futuras lesiones.<\/p>\n\n\n\n<p class=\"has-text-align-center\">Los tratamientos se adaptan a las necesidades espec\u00edficas de cada deportista, lo que permite un enfoque personalizado y efectivo.<\/p>\n<\/div>\n<\/div>\n\n\n\n<div class=\"wp-block-column is-layout-flow wp-block-column-is-layout-flow\" id=\"Osteopatia\">\n<div class=\"wp-block-columns is-layout-flex wp-container-core-columns-is-layout-28f84493 wp-block-columns-is-layout-flex\">\n<div class=\"wp-block-column is-layout-flow wp-block-column-is-layout-flow\" style=\"flex-basis:100%\">\n<div style=\"aspect-ratio:16\/9;min-height:unset;\" class=\"wp-block-cover has-base-color has-text-color has-link-color wp-elements-fd51af58f70c48c273b2dc8f01ecf610 has-aspect-ratio\"><span aria-hidden=\"true\" class=\"wp-block-cover__background has-contrast-background-color has-background-dim-30 has-background-dim\"><\/span><img loading=\"lazy\" decoding=\"async\" width=\"865\" height=\"569\" class=\"wp-block-cover__image-background wp-image-113\" alt=\"\" src=\"https:\/\/teste.anerfisioterapia.es\/wp-content\/uploads\/2025\/03\/osteopatia-1.png\" data-object-fit=\"cover\" srcset=\"https:\/\/teste.anerfisioterapia.es\/wp-content\/uploads\/2025\/03\/osteopatia-1.png 865w, https:\/\/teste.anerfisioterapia.es\/wp-content\/uploads\/2025\/03\/osteopatia-1-300x197.png 300w, https:\/\/teste.anerfisioterapia.es\/wp-content\/uploads\/2025\/03\/osteopatia-1-768x505.png 768w\" sizes=\"auto, (max-width: 865px) 100vw, 865px\" \/><div class=\"wp-block-cover__inner-container is-layout-flow wp-block-cover-is-layout-flow\">\n<p class=\"has-text-align-center\" style=\"text-transform:uppercase\">Osteopat\u00eda<\/p>\n<\/div><\/div>\n<\/div>\n<\/div>\n\n\n\n<div class=\"wp-block-group has-global-padding is-layout-constrained wp-container-core-group-is-layout-f611be13 wp-block-group-is-layout-constrained\" style=\"padding-top:var(--wp--preset--spacing--50);padding-right:var(--wp--preset--spacing--50);padding-bottom:var(--wp--preset--spacing--50);padding-left:var(--wp--preset--spacing--50)\">\n<p class=\"has-text-align-center\">La osteopat\u00eda es una pr\u00e1ctica manual que trata problemas musculoesquel\u00e9ticos y otros trastornos funcionales mediante t\u00e9cnicas de manipulaci\u00f3n y movilizaci\u00f3n. Nuestro objetivo es restaurar el equilibrio y la funcionalidad del cuerpo de forma natural.<\/p>\n<\/div>\n<\/div>\n\n\n\n<div class=\"wp-block-column is-layout-flow wp-block-column-is-layout-flow\" id=\"Fisioterapia-traumatologica\">\n<div style=\"aspect-ratio:16\/9;min-height:unset;\" class=\"wp-block-cover has-base-color has-text-color has-link-color wp-elements-ca0ae55314003955435d9fb12a7b7f55 has-aspect-ratio\"><span aria-hidden=\"true\" class=\"wp-block-cover__background has-contrast-background-color has-background-dim-30 has-background-dim\"><\/span><img loading=\"lazy\" decoding=\"async\" width=\"2560\" height=\"1707\" class=\"wp-block-cover__image-background wp-image-111\" alt=\"\" src=\"https:\/\/teste.anerfisioterapia.es\/wp-content\/uploads\/2025\/03\/Traumatologia-scaled.jpg\" data-object-fit=\"cover\" srcset=\"https:\/\/teste.anerfisioterapia.es\/wp-content\/uploads\/2025\/03\/Traumatologia-scaled.jpg 2560w, https:\/\/teste.anerfisioterapia.es\/wp-content\/uploads\/2025\/03\/Traumatologia-300x200.jpg 300w, https:\/\/teste.anerfisioterapia.es\/wp-content\/uploads\/2025\/03\/Traumatologia-1024x683.jpg 1024w, https:\/\/teste.anerfisioterapia.es\/wp-content\/uploads\/2025\/03\/Traumatologia-768x512.jpg 768w, https:\/\/teste.anerfisioterapia.es\/wp-content\/uploads\/2025\/03\/Traumatologia-1536x1024.jpg 1536w, https:\/\/teste.anerfisioterapia.es\/wp-content\/uploads\/2025\/03\/Traumatologia-2048x1365.jpg 2048w\" sizes=\"auto, (max-width: 2560px) 100vw, 2560px\" \/><div class=\"wp-block-cover__inner-container is-layout-flow wp-block-cover-is-layout-flow\">\n<p class=\"has-text-align-center\" style=\"text-transform:uppercase\">Fisioterapia Traumatol\u00f3gica<\/p>\n<\/div><\/div>\n\n\n\n<div class=\"wp-block-group has-global-padding is-layout-constrained wp-container-core-group-is-layout-f611be13 wp-block-group-is-layout-constrained\" style=\"padding-top:var(--wp--preset--spacing--50);padding-right:var(--wp--preset--spacing--50);padding-bottom:var(--wp--preset--spacing--50);padding-left:var(--wp--preset--spacing--50)\">\n<p class=\"has-text-align-center\">Se especializa en el tratamiento de lesiones traum\u00e1ticas como fracturas, esguinces, luxaciones y contusiones. Utilizamos t\u00e9cnicas avanzadas y personalizadas para acelerar la recuperaci\u00f3n, reducir el dolor y restaurar la funcionalidad.<\/p>\n<\/div>\n<\/div>\n<\/div>\n<\/div>\n\n\n\n<div class=\"wp-block-group alignwide is-style-default is-content-justification-space-between is-nowrap is-layout-flex wp-container-core-group-is-layout-cb46ffcb wp-block-group-is-layout-flex\" id=\"Fisioterapiareumatologica\">\n<div class=\"wp-block-media-text alignwide is-stacked-on-mobile\" id=\"Fisioterapia-reumatologica\"><figure class=\"wp-block-media-text__media\"><img loading=\"lazy\" decoding=\"async\" width=\"1024\" height=\"683\" src=\"https:\/\/teste.anerfisioterapia.es\/wp-content\/uploads\/2025\/03\/photo-2-1024x683.jpg\" alt=\"\" class=\"wp-image-46 size-full\" srcset=\"https:\/\/teste.anerfisioterapia.es\/wp-content\/uploads\/2025\/03\/photo-2-1024x683.jpg 1024w, https:\/\/teste.anerfisioterapia.es\/wp-content\/uploads\/2025\/03\/photo-2-300x200.jpg 300w, https:\/\/teste.anerfisioterapia.es\/wp-content\/uploads\/2025\/03\/photo-2-768x512.jpg 768w, https:\/\/teste.anerfisioterapia.es\/wp-content\/uploads\/2025\/03\/photo-2-1536x1024.jpg 1536w, https:\/\/teste.anerfisioterapia.es\/wp-content\/uploads\/2025\/03\/photo-2-2048x1365.jpg 2048w\" sizes=\"auto, (max-width: 1024px) 100vw, 1024px\" \/><\/figure><div class=\"wp-block-media-text__content\">\n<h2 class=\"wp-block-heading\">Fisioterapia Reumatol\u00f3gica<\/h2>\n\n\n\n<p>La fisioterapia reumatol\u00f3gica se especializa en el tratamiento y manejo de enfermedades reum\u00e1ticas, que son trastornos que afectan las articulaciones, m\u00fasculos y tejidos conectivos. Esta disciplina busca aliviar el dolor, mejorar la movilidad y la funcionalidad, y prevenir el progreso de estas enfermedades a trav\u00e9s de un enfoque integral y personalizado.<\/p>\n<\/div><\/div>\n<\/div>\n\n\n\n<div class=\"wp-block-group alignwide has-base-3-color has-base-2-background-color has-text-color has-background has-link-color wp-elements-b479e7ea8e246e9e66084696bec64f0b has-global-padding is-layout-constrained wp-container-core-group-is-layout-4d69848d wp-block-group-is-layout-constrained\" id=\"Fisioterapia-invasiva-ecoguiada\" style=\"padding-top:var(--wp--preset--spacing--80);padding-bottom:var(--wp--preset--spacing--80)\">\n<div class=\"wp-block-columns alignwide are-vertically-aligned-center is-layout-flex wp-container-core-columns-is-layout-28f84493 wp-block-columns-is-layout-flex\" id=\"Fisioterapiainvasivaecoguiada\">\n<div class=\"wp-block-column is-vertically-aligned-center is-layout-flow wp-block-column-is-layout-flow\" style=\"flex-basis:40%\">\n<div class=\"wp-block-group has-base-2-background-color has-background has-global-padding is-layout-constrained wp-container-core-group-is-layout-731c369d wp-block-group-is-layout-constrained\">\n<div class=\"wp-block-group alignwide has-border-color has-background has-global-padding is-layout-constrained wp-container-core-group-is-layout-98ac33f9 wp-block-group-is-layout-constrained\" style=\"border-color:#2d3335;border-width:2px;border-radius:12px;background:linear-gradient(135deg,rgb(229,229,229) 0%,rgb(213,213,213) 100%);padding-top:0;padding-right:var(--wp--preset--spacing--40);padding-bottom:var(--wp--preset--spacing--40);padding-left:var(--wp--preset--spacing--40)\">\n<div class=\"wp-block-group has-text-color has-link-color wp-elements-3d1c4f01750abc5b75aa2f72a762a993 has-global-padding is-layout-constrained wp-container-core-group-is-layout-19e250f3 wp-block-group-is-layout-constrained\" style=\"color:#2d3335\">\n<p class=\"has-text-align-center\" style=\"line-height:1.2\">o<\/p>\n\n\n\n<figure class=\"wp-block-image size-large has-custom-border\"><img loading=\"lazy\" decoding=\"async\" width=\"1024\" height=\"1024\" src=\"https:\/\/teste.anerfisioterapia.es\/wp-content\/uploads\/2025\/03\/Ecoguiada-1024x1024.png\" alt=\"\" class=\"has-border-color wp-image-114\" style=\"border-color:#636362;border-width:1px;border-radius:4px;aspect-ratio:9\/16;object-fit:cover\" srcset=\"https:\/\/teste.anerfisioterapia.es\/wp-content\/uploads\/2025\/03\/Ecoguiada-1024x1024.png 1024w, https:\/\/teste.anerfisioterapia.es\/wp-content\/uploads\/2025\/03\/Ecoguiada-300x300.png 300w, https:\/\/teste.anerfisioterapia.es\/wp-content\/uploads\/2025\/03\/Ecoguiada-150x150.png 150w, https:\/\/teste.anerfisioterapia.es\/wp-content\/uploads\/2025\/03\/Ecoguiada-768x768.png 768w, https:\/\/teste.anerfisioterapia.es\/wp-content\/uploads\/2025\/03\/Ecoguiada.png 1080w\" sizes=\"auto, (max-width: 1024px) 100vw, 1024px\" \/><\/figure>\n<\/div>\n<\/div>\n<\/div>\n<\/div>\n\n\n\n<div class=\"wp-block-column is-vertically-aligned-center is-layout-flow wp-block-column-is-layout-flow\" style=\"flex-basis:60%\">\n<div class=\"wp-block-group has-base-2-background-color has-background is-nowrap is-layout-flex wp-container-core-group-is-layout-0999c970 wp-block-group-is-layout-flex\">\n<div class=\"wp-block-group has-global-padding is-layout-constrained wp-block-group-is-layout-constrained\">\n<h2 class=\"wp-block-heading has-text-align-center has-contrast-color has-base-2-background-color has-text-color has-background has-link-color wp-elements-950a9f6c1413616991782598f02054a2\" style=\"border-style:none;border-width:0px\">Fisioterapia Invasiva Ecoguiada<\/h2>\n\n\n\n<p class=\"has-text-align-center is-style-default has-contrast-color has-text-color has-link-color wp-elements-6f95fbc3dd903d6c76c1c106faf1a2b5\" style=\"border-style:none;border-width:0px\">La fisioterapia invasiva ecoguiada es una t\u00e9cnica avanzada que utiliza la ecograf\u00eda para guiar procedimientos terap\u00e9uticos invasivos con precisi\u00f3n. Esta t\u00e9cnica permite visualizar en tiempo real las estructuras internas del cuerpo, asegurando que los tratamientos se apliquen exactamente en el lugar necesario. Es especialmente \u00fatil para tratar lesiones musculoesquel\u00e9ticas y reducir el dolor de manera eficaz.<br><\/p>\n\n\n\n<ul class=\"wp-block-list has-contrast-color has-text-color has-link-color wp-elements-33b2ec351b028f42f51aa6c64bbbd842\">\n<li>Neuromodulaci\u00f3n<\/li>\n\n\n\n<li>Electrol\u00edsis<\/li>\n\n\n\n<li>Punci\u00f3n seca ecoguiada<\/li>\n<\/ul>\n<\/div>\n<\/div>\n<\/div>\n<\/div>\n<\/div>\n\n\n\n<div style=\"height:100px\" aria-hidden=\"true\" class=\"wp-block-spacer\"><\/div>\n\n\n\n<div class=\"wp-block-group alignwide has-contrast-2-background-color has-background has-global-padding is-layout-constrained wp-block-group-is-layout-constrained\" style=\"margin-top:0;padding-top:0;padding-bottom:0\">\n<div class=\"wp-block-media-text alignwide is-stacked-on-mobile\"><figure class=\"wp-block-media-text__media\"><img loading=\"lazy\" decoding=\"async\" width=\"1024\" height=\"1024\" src=\"https:\/\/teste.anerfisioterapia.es\/wp-content\/uploads\/2025\/03\/Equipamentos-1024x1024.png\" alt=\"\" class=\"wp-image-119 size-full\" srcset=\"https:\/\/teste.anerfisioterapia.es\/wp-content\/uploads\/2025\/03\/Equipamentos-1024x1024.png 1024w, https:\/\/teste.anerfisioterapia.es\/wp-content\/uploads\/2025\/03\/Equipamentos-300x300.png 300w, https:\/\/teste.anerfisioterapia.es\/wp-content\/uploads\/2025\/03\/Equipamentos-150x150.png 150w, https:\/\/teste.anerfisioterapia.es\/wp-content\/uploads\/2025\/03\/Equipamentos-768x768.png 768w, https:\/\/teste.anerfisioterapia.es\/wp-content\/uploads\/2025\/03\/Equipamentos.png 1080w\" sizes=\"auto, (max-width: 1024px) 100vw, 1024px\" \/><\/figure><div class=\"wp-block-media-text__content\">\n<div class=\"wp-block-group has-global-padding is-layout-constrained wp-container-core-group-is-layout-adcfd506 wp-block-group-is-layout-constrained\" style=\"padding-top:var(--wp--preset--spacing--60);padding-right:var(--wp--preset--spacing--40);padding-bottom:var(--wp--preset--spacing--60);padding-left:var(--wp--preset--spacing--40)\">\n<h1 class=\"wp-block-heading has-contrast-color has-text-color has-link-color wp-elements-c8600d273e70e4df5af60e85db0399ed\">Nuestros equipos \/ Gure ekipoak<\/h1>\n\n\n\n<div class=\"wp-block-group is-nowrap is-layout-flex wp-container-core-group-is-layout-6c531013 wp-block-group-is-layout-flex\">\n<p class=\"has-contrast-color has-text-color has-link-color wp-elements-e57a5e3497c3d6cdae47211a9f5cd335\">En nuestra cl\u00ednica, estamos orgullosos de contar con equipos avanzados que nos permiten ofrecer diagn\u00f3sticos y tratamientos de alta precisi\u00f3n. Herramientas esenciales para mejorar la calidad de nuestra atenci\u00f3n y los resultados terap\u00e9uticos de nuestros pacientes.<\/p>\n<\/div>\n<\/div>\n<\/div><\/div>\n<\/div>\n\n\n\n<div class=\"wp-block-group alignfull is-style-default has-contrast-color has-base-background-color has-text-color has-background has-link-color wp-elements-2e8711577665f5db95d3dac1c8e2c5d5 has-global-padding is-layout-constrained wp-block-group-is-layout-constrained\" style=\"margin-top:0;padding-top:var(--wp--preset--spacing--80);padding-bottom:var(--wp--preset--spacing--80)\">\n<div class=\"wp-block-group alignwide is-layout-grid wp-container-core-group-is-layout-66f51013 wp-block-group-is-layout-grid\">\n<div id=\"Ecografo\" class=\"wp-block-group has-global-padding is-layout-constrained wp-block-group-is-layout-constrained\">\n<figure class=\"wp-block-image size-full is-resized wp-duotone-unset-1\"><img loading=\"lazy\" decoding=\"async\" width=\"466\" height=\"466\" src=\"https:\/\/teste.anerfisioterapia.es\/wp-content\/uploads\/2025\/03\/2-edited.png\" alt=\"\" class=\"wp-image-122\" style=\"width:48px\" srcset=\"https:\/\/teste.anerfisioterapia.es\/wp-content\/uploads\/2025\/03\/2-edited.png 466w, https:\/\/teste.anerfisioterapia.es\/wp-content\/uploads\/2025\/03\/2-edited-300x300.png 300w, https:\/\/teste.anerfisioterapia.es\/wp-content\/uploads\/2025\/03\/2-edited-150x150.png 150w\" sizes=\"auto, (max-width: 466px) 100vw, 466px\" \/><\/figure>\n\n\n\n<h3 class=\"wp-block-heading is-style-none\">Ec\u00f3grafo<\/h3>\n\n\n\n<ul class=\"wp-block-list is-style-check\">\n<li class=\"is-style-chevron\">Es un dispositivo m\u00e9dico que utiliza ondas sonoras de alta frecuencia (ultrasonido) para crear im\u00e1genes en tiempo real de los tejidos y \u00f3rganos dentro del cuerpo. En el contexto de la fisioterapia, el ec\u00f3grafo se utiliza para visualizar m\u00fasculos, tendones, ligamentos y articulaciones, permitiendo un diagn\u00f3stico y tratamiento m\u00e1s preciso.<\/li>\n<\/ul>\n<\/div>\n\n\n\n<div id=\"Indiba\" class=\"wp-block-group has-global-padding is-layout-constrained wp-block-group-is-layout-constrained\">\n<figure class=\"wp-block-image size-large is-resized wp-duotone-unset-2\"><img loading=\"lazy\" decoding=\"async\" width=\"425\" height=\"425\" src=\"https:\/\/teste.anerfisioterapia.es\/wp-content\/uploads\/2025\/03\/2-edited-1.png\" alt=\"\" class=\"wp-image-123\" style=\"width:48px\" srcset=\"https:\/\/teste.anerfisioterapia.es\/wp-content\/uploads\/2025\/03\/2-edited-1.png 425w, https:\/\/teste.anerfisioterapia.es\/wp-content\/uploads\/2025\/03\/2-edited-1-300x300.png 300w, https:\/\/teste.anerfisioterapia.es\/wp-content\/uploads\/2025\/03\/2-edited-1-150x150.png 150w\" sizes=\"auto, (max-width: 425px) 100vw, 425px\" \/><\/figure>\n\n\n\n<h3 class=\"wp-block-heading is-style-none\">INDIBA<\/h3>\n\n\n\n<figure class=\"wp-block-image size-large\"><img loading=\"lazy\" decoding=\"async\" width=\"1024\" height=\"353\" src=\"https:\/\/teste.anerfisioterapia.es\/wp-content\/uploads\/2025\/03\/Captura-de-pantalla-2025-03-22-205620-1024x353.png\" alt=\"\" class=\"wp-image-124\" srcset=\"https:\/\/teste.anerfisioterapia.es\/wp-content\/uploads\/2025\/03\/Captura-de-pantalla-2025-03-22-205620-1024x353.png 1024w, https:\/\/teste.anerfisioterapia.es\/wp-content\/uploads\/2025\/03\/Captura-de-pantalla-2025-03-22-205620-300x104.png 300w, https:\/\/teste.anerfisioterapia.es\/wp-content\/uploads\/2025\/03\/Captura-de-pantalla-2025-03-22-205620-768x265.png 768w, https:\/\/teste.anerfisioterapia.es\/wp-content\/uploads\/2025\/03\/Captura-de-pantalla-2025-03-22-205620-1536x530.png 1536w, https:\/\/teste.anerfisioterapia.es\/wp-content\/uploads\/2025\/03\/Captura-de-pantalla-2025-03-22-205620.png 1785w\" sizes=\"auto, (max-width: 1024px) 100vw, 1024px\" \/><\/figure>\n\n\n\n<div class=\"wp-block-buttons has-custom-font-size has-small-font-size is-layout-flex wp-block-buttons-is-layout-flex\">\n<div class=\"wp-block-button has-custom-width wp-block-button__width-25\"><a class=\"wp-block-button__link wp-element-button\" href=\"https:\/\/indiba.com\/es\/products\/at7\/\">Leer m\u00e1s<\/a><\/div>\n<\/div>\n<\/div>\n\n\n\n<div id=\"Presoterapia\" class=\"wp-block-group has-global-padding is-layout-constrained wp-block-group-is-layout-constrained\">\n<figure class=\"wp-block-image size-large is-resized wp-duotone-unset-3\"><img loading=\"lazy\" decoding=\"async\" width=\"464\" height=\"464\" src=\"https:\/\/teste.anerfisioterapia.es\/wp-content\/uploads\/2025\/03\/2-edited-2.png\" alt=\"\" class=\"wp-image-125\" style=\"width:48px\" srcset=\"https:\/\/teste.anerfisioterapia.es\/wp-content\/uploads\/2025\/03\/2-edited-2.png 464w, https:\/\/teste.anerfisioterapia.es\/wp-content\/uploads\/2025\/03\/2-edited-2-300x300.png 300w, https:\/\/teste.anerfisioterapia.es\/wp-content\/uploads\/2025\/03\/2-edited-2-150x150.png 150w\" sizes=\"auto, (max-width: 464px) 100vw, 464px\" \/><\/figure>\n\n\n\n<h3 class=\"wp-block-heading\">Presoterapia<\/h3>\n\n\n\n<ul class=\"wp-block-list is-style-check has-accent-2-color has-text-color has-link-color wp-elements-cad24ca76bccc6987878d266ce7ffaa1\">\n<li class=\"is-style-chevron has-contrast-color has-text-color has-link-color wp-elements-388deb43412de449ff1bc9879b7c19a7\">Una terapia no invasiva dise\u00f1ada para mejorar la circulaci\u00f3n linf\u00e1tica y venosa. Esta t\u00e9cnica implica la aplicaci\u00f3n de presi\u00f3n de aire controlada para estimular el sistema linf\u00e1tico, ayudando a reducir la hinchaz\u00f3n, eliminar toxinas y promover el bienestar general.<\/li>\n<\/ul>\n<\/div>\n<\/div>\n<\/div>\n","protected":false},"excerpt":{"rendered":"<p>servicios \/ Zerbitzuak La fisioterapia deportiva se especializa en la prevenci\u00f3n y tratamiento de lesiones causadas por la actividad f\u00edsica y el deporte. Esta disciplina no solo se centra en la recuperaci\u00f3n de lesiones, sino tambi\u00e9n en mejorar el rendimiento, acelerar la recuperaci\u00f3n y prevenir futuras lesiones. Los tratamientos se adaptan a las necesidades espec\u00edficas [&hellip;]<\/p>\n","protected":false},"author":1,"featured_media":0,"parent":0,"menu_order":0,"comment_status":"closed","ping_status":"closed","template":"","meta":{"footnotes":""},"class_list":["post-106","page","type-page","status-publish","hentry"],"_links":{"self":[{"href":"https:\/\/teste.anerfisioterapia.es\/index.php\/wp-json\/wp\/v2\/pages\/106","targetHints":{"allow":["GET"]}}],"collection":[{"href":"https:\/\/teste.anerfisioterapia.es\/index.php\/wp-json\/wp\/v2\/pages"}],"about":[{"href":"https:\/\/teste.anerfisioterapia.es\/index.php\/wp-json\/wp\/v2\/types\/page"}],"author":[{"embeddable":true,"href":"https:\/\/teste.anerfisioterapia.es\/index.php\/wp-json\/wp\/v2\/users\/1"}],"replies":[{"embeddable":true,"href":"https:\/\/teste.anerfisioterapia.es\/index.php\/wp-json\/wp\/v2\/comments?post=106"}],"version-history":[{"count":26,"href":"https:\/\/teste.anerfisioterapia.es\/index.php\/wp-json\/wp\/v2\/pages\/106\/revisions"}],"predecessor-version":[{"id":308,"href":"https:\/\/teste.anerfisioterapia.es\/index.php\/wp-json\/wp\/v2\/pages\/106\/revisions\/308"}],"wp:attachment":[{"href":"https:\/\/teste.anerfisioterapia.es\/index.php\/wp-json\/wp\/v2\/media?parent=106"}],"curies":[{"name":"wp","href":"https:\/\/api.w.org\/{rel}","templated":true}]}}